{"id":7552,"date":"2022-10-21T08:03:51","date_gmt":"2022-10-21T06:03:51","guid":{"rendered":"https:\/\/www.aussie-sunny.de\/wp\/?page_id=7552"},"modified":"2026-01-25T16:39:24","modified_gmt":"2026-01-25T15:39:24","slug":"ruede-4","status":"publish","type":"page","link":"https:\/\/www.aussie-sunny.de\/wp\/ruede-4\/","title":{"rendered":"Dj&#8217;s Shadow Anuk"},"content":{"rendered":"<p>Anuk zieht zu Angi und Tom nach Traunstein<\/p>\n<p>Unser R\u00fcde 4 wurde am 10.10.22 um 16:30 Uhr mit 355g geboren.<br \/>\nEr ist ein unauff\u00e4lliger dunkler R\u00fcde mit wei\u00dfer Blesse, Kragen und Beinen. Au\u00dferdem hat er Kupferanteile.<\/p>\n<p><img loading=\"lazy\" decoding=\"async\" src=\"https:\/\/www.aussie-sunny.de\/wp\/wp-content\/2026\/01\/IMG_20260125_163548.jpg\" alt=\"\" width=\"470\" height=\"571\" class=\"alignleft size-full wp-image-7976\" srcset=\"https:\/\/www.aussie-sunny.de\/wp\/wp-content\/2026\/01\/IMG_20260125_163548.jpg 470w, https:\/\/www.aussie-sunny.de\/wp\/wp-content\/2026\/01\/IMG_20260125_163548-247x300.jpg 247w\" sizes=\"auto, (max-width: 470px) 100vw, 470px\" \/><\/p>\n<p><img loading=\"lazy\" decoding=\"async\" src=\"https:\/\/www.aussie-sunny.de\/wp\/wp-content\/2023\/12\/Anouk.jpg\" alt=\"\" width=\"480\" height=\"780\" class=\"alignleft size-full wp-image-7839\" srcset=\"https:\/\/www.aussie-sunny.de\/wp\/wp-content\/2023\/12\/Anouk.jpg 480w, https:\/\/www.aussie-sunny.de\/wp\/wp-content\/2023\/12\/Anouk-185x300.jpg 185w\" sizes=\"auto, (max-width: 480px) 100vw, 480px\" \/><br \/>\n<img loading=\"lazy\" decoding=\"async\" src=\"https:\/\/www.aussie-sunny.de\/wp\/wp-content\/2023\/08\/Anouk.jpg\" alt=\"\" width=\"480\" height=\"853\" class=\"alignleft size-full wp-image-7763\" srcset=\"https:\/\/www.aussie-sunny.de\/wp\/wp-content\/2023\/08\/Anouk.jpg 480w, https:\/\/www.aussie-sunny.de\/wp\/wp-content\/2023\/08\/Anouk-169x300.jpg 169w\" sizes=\"auto, (max-width: 480px) 100vw, 480px\" \/><\/p>\n<p><img loading=\"lazy\" decoding=\"async\" src=\"https:\/\/www.aussie-sunny.de\/wp\/wp-content\/2023\/02\/Anuk.jpg\" alt=\"\" width=\"480\" height=\"360\" class=\"alignleft size-full wp-image-7742\" srcset=\"https:\/\/www.aussie-sunny.de\/wp\/wp-content\/2023\/02\/Anuk.jpg 480w, https:\/\/www.aussie-sunny.de\/wp\/wp-content\/2023\/02\/Anuk-300x225.jpg 300w\" sizes=\"auto, (max-width: 480px) 100vw, 480px\" \/><\/p>\n<p><img loading=\"lazy\" decoding=\"async\" src=\"https:\/\/www.aussie-sunny.de\/wp\/wp-content\/2022\/11\/Num4-1-Klein.jpg\" alt=\"\" width=\"480\" height=\"669\" class=\"alignleft size-full wp-image-7673\" srcset=\"https:\/\/www.aussie-sunny.de\/wp\/wp-content\/2022\/11\/Num4-1-Klein.jpg 480w, https:\/\/www.aussie-sunny.de\/wp\/wp-content\/2022\/11\/Num4-1-Klein-215x300.jpg 215w\" sizes=\"auto, (max-width: 480px) 100vw, 480px\" \/><\/p>\n<p><img loading=\"lazy\" decoding=\"async\" src=\"https:\/\/www.aussie-sunny.de\/wp\/wp-content\/2022\/11\/Num4-2-Klein.jpg\" alt=\"\" width=\"480\" height=\"314\" class=\"alignleft size-full wp-image-7674\" srcset=\"https:\/\/www.aussie-sunny.de\/wp\/wp-content\/2022\/11\/Num4-2-Klein.jpg 480w, https:\/\/www.aussie-sunny.de\/wp\/wp-content\/2022\/11\/Num4-2-Klein-300x196.jpg 300w\" sizes=\"auto, (max-width: 480px) 100vw, 480px\" \/><\/p>\n<p><img loading=\"lazy\" decoding=\"async\" src=\"https:\/\/www.aussie-sunny.de\/wp\/wp-content\/2022\/11\/6-2.jpg\" alt=\"\" width=\"480\" height=\"720\" class=\"alignleft size-full wp-image-7698\" srcset=\"https:\/\/www.aussie-sunny.de\/wp\/wp-content\/2022\/11\/6-2.jpg 480w, https:\/\/www.aussie-sunny.de\/wp\/wp-content\/2022\/11\/6-2-200x300.jpg 200w\" sizes=\"auto, (max-width: 480px) 100vw, 480px\" \/><\/p>\n<p><img loading=\"lazy\" decoding=\"async\" src=\"https:\/\/www.aussie-sunny.de\/wp\/wp-content\/2022\/11\/6-1.jpg\" alt=\"\" width=\"480\" height=\"720\" class=\"alignleft size-full wp-image-7697\" srcset=\"https:\/\/www.aussie-sunny.de\/wp\/wp-content\/2022\/11\/6-1.jpg 480w, https:\/\/www.aussie-sunny.de\/wp\/wp-content\/2022\/11\/6-1-200x300.jpg 200w\" sizes=\"auto, (max-width: 480px) 100vw, 480px\" \/><\/p>\n<p><img loading=\"lazy\" decoding=\"async\" src=\"https:\/\/www.aussie-sunny.de\/wp\/wp-content\/2022\/11\/Nummer8-1.jpg\" alt=\"\" width=\"480\" height=\"320\" class=\"alignleft size-full wp-image-7640\" srcset=\"https:\/\/www.aussie-sunny.de\/wp\/wp-content\/2022\/11\/Nummer8-1.jpg 480w, https:\/\/www.aussie-sunny.de\/wp\/wp-content\/2022\/11\/Nummer8-1-300x200.jpg 300w\" sizes=\"auto, (max-width: 480px) 100vw, 480px\" \/><\/p>\n<p><img loading=\"lazy\" decoding=\"async\" src=\"https:\/\/www.aussie-sunny.de\/wp\/wp-content\/2022\/11\/Nummer8-2.jpg\" alt=\"\" width=\"480\" height=\"320\" class=\"alignleft size-full wp-image-7641\" srcset=\"https:\/\/www.aussie-sunny.de\/wp\/wp-content\/2022\/11\/Nummer8-2.jpg 480w, https:\/\/www.aussie-sunny.de\/wp\/wp-content\/2022\/11\/Nummer8-2-300x200.jpg 300w\" sizes=\"auto, (max-width: 480px) 100vw, 480px\" \/><\/p>\n<p><img loading=\"lazy\" decoding=\"async\" src=\"https:\/\/www.aussie-sunny.de\/wp\/wp-content\/2022\/11\/WhatsApp-Image-2022-10-31-at-19.13.51.jpeg\" alt=\"\" width=\"480\" height=\"319\" class=\"alignleft size-full wp-image-7607\" srcset=\"https:\/\/www.aussie-sunny.de\/wp\/wp-content\/2022\/11\/WhatsApp-Image-2022-10-31-at-19.13.51.jpeg 480w, https:\/\/www.aussie-sunny.de\/wp\/wp-content\/2022\/11\/WhatsApp-Image-2022-10-31-at-19.13.51-300x199.jpeg 300w\" sizes=\"auto, (max-width: 480px) 100vw, 480px\" \/><\/p>\n<p><img loading=\"lazy\" decoding=\"async\" src=\"https:\/\/www.aussie-sunny.de\/wp\/wp-content\/2022\/11\/WhatsApp-Image-2022-10-31-at-19.13.51-1.jpeg\" alt=\"\" width=\"480\" height=\"319\" class=\"alignleft size-full wp-image-7604\" srcset=\"https:\/\/www.aussie-sunny.de\/wp\/wp-content\/2022\/11\/WhatsApp-Image-2022-10-31-at-19.13.51-1.jpeg 480w, https:\/\/www.aussie-sunny.de\/wp\/wp-content\/2022\/11\/WhatsApp-Image-2022-10-31-at-19.13.51-1-300x199.jpeg 300w\" sizes=\"auto, (max-width: 480px) 100vw, 480px\" \/><\/p>\n<p><img loading=\"lazy\" decoding=\"async\" src=\"https:\/\/www.aussie-sunny.de\/wp\/wp-content\/2022\/11\/WhatsApp-Image-2022-10-31-at-19.13.52-3.jpeg\" alt=\"\" width=\"480\" height=\"330\" class=\"alignleft size-full wp-image-7610\" srcset=\"https:\/\/www.aussie-sunny.de\/wp\/wp-content\/2022\/11\/WhatsApp-Image-2022-10-31-at-19.13.52-3.jpeg 480w, https:\/\/www.aussie-sunny.de\/wp\/wp-content\/2022\/11\/WhatsApp-Image-2022-10-31-at-19.13.52-3-300x206.jpeg 300w\" sizes=\"auto, (max-width: 480px) 100vw, 480px\" \/><\/p>\n<p><img loading=\"lazy\" decoding=\"async\" src=\"https:\/\/www.aussie-sunny.de\/wp\/wp-content\/2022\/10\/WhatsApp-Image-2022-10-20-at-14.11.151.jpeg\" alt=\"\" width=\"480\" height=\"699\" class=\"alignleft size-full wp-image-7555\" srcset=\"https:\/\/www.aussie-sunny.de\/wp\/wp-content\/2022\/10\/WhatsApp-Image-2022-10-20-at-14.11.151.jpeg 480w, https:\/\/www.aussie-sunny.de\/wp\/wp-content\/2022\/10\/WhatsApp-Image-2022-10-20-at-14.11.151-206x300.jpeg 206w\" sizes=\"auto, (max-width: 480px) 100vw, 480px\" \/><\/p>\n<p><img loading=\"lazy\" decoding=\"async\" src=\"https:\/\/www.aussie-sunny.de\/wp\/wp-content\/2022\/10\/WhatsApp-Image-2022-10-20-at-14.11.13.jpeg\" alt=\"\" width=\"480\" height=\"379\" class=\"alignleft size-full wp-image-7553\" srcset=\"https:\/\/www.aussie-sunny.de\/wp\/wp-content\/2022\/10\/WhatsApp-Image-2022-10-20-at-14.11.13.jpeg 480w, https:\/\/www.aussie-sunny.de\/wp\/wp-content\/2022\/10\/WhatsApp-Image-2022-10-20-at-14.11.13-300x237.jpeg 300w\" sizes=\"auto, (max-width: 480px) 100vw, 480px\" \/><\/p>\n<p><img loading=\"lazy\" decoding=\"async\" src=\"https:\/\/www.aussie-sunny.de\/wp\/wp-content\/2022\/10\/WhatsApp-Image-2022-10-20-at-14.11.15.jpeg\" alt=\"\" width=\"480\" height=\"357\" class=\"alignleft size-full wp-image-7554\" srcset=\"https:\/\/www.aussie-sunny.de\/wp\/wp-content\/2022\/10\/WhatsApp-Image-2022-10-20-at-14.11.15.jpeg 480w, https:\/\/www.aussie-sunny.de\/wp\/wp-content\/2022\/10\/WhatsApp-Image-2022-10-20-at-14.11.15-300x223.jpeg 300w\" sizes=\"auto, (max-width: 480px) 100vw, 480px\" \/><\/p>\n","protected":false},"excerpt":{"rendered":"<p>Anuk zieht zu Angi und Tom nach Traunstein Unser R\u00fcde 4 wurde am 10.10.22 um 16:30 Uhr mit 355g geboren. Er ist ein unauff\u00e4lliger dunkler R\u00fcde mit wei\u00dfer Blesse, Kragen und Beinen. Au\u00dferdem hat er Kupferanteile.<\/p>\n","protected":false},"author":2,"featured_media":0,"parent":0,"menu_order":0,"comment_status":"closed","ping_status":"closed","template":"","meta":{"footnotes":""},"class_list":["post-7552","page","type-page","status-publish","h-entry","hentry"],"aioseo_notices":[],"_links":{"self":[{"href":"https:\/\/www.aussie-sunny.de\/wp\/wp-json\/wp\/v2\/pages\/7552","targetHints":{"allow":["GET"]}}],"collection":[{"href":"https:\/\/www.aussie-sunny.de\/wp\/wp-json\/wp\/v2\/pages"}],"about":[{"href":"https:\/\/www.aussie-sunny.de\/wp\/wp-json\/wp\/v2\/types\/page"}],"author":[{"embeddable":true,"href":"https:\/\/www.aussie-sunny.de\/wp\/wp-json\/wp\/v2\/users\/2"}],"replies":[{"embeddable":true,"href":"https:\/\/www.aussie-sunny.de\/wp\/wp-json\/wp\/v2\/comments?post=7552"}],"version-history":[{"count":0,"href":"https:\/\/www.aussie-sunny.de\/wp\/wp-json\/wp\/v2\/pages\/7552\/revisions"}],"wp:attachment":[{"href":"https:\/\/www.aussie-sunny.de\/wp\/wp-json\/wp\/v2\/media?parent=7552"}],"curies":[{"name":"wp","href":"https:\/\/api.w.org\/{rel}","templated":true}]}}