{"id":6831,"date":"2022-04-19T14:20:19","date_gmt":"2022-04-19T12:20:19","guid":{"rendered":"https:\/\/www.aussie-sunny.de\/wp\/?page_id=6831"},"modified":"2022-04-25T09:09:38","modified_gmt":"2022-04-25T07:09:38","slug":"djs-shadow-red-ruede","status":"publish","type":"page","link":"https:\/\/www.aussie-sunny.de\/wp\/djs-shadow-red-ruede\/","title":{"rendered":"+ in Memory &#8211; Dj&#8217;s Shadow Chitto"},"content":{"rendered":"<p>Unser Red Tri R\u00fcde kam mit 267g um 20:57 auf die Welt<\/p>\n<p>Leider hat es unser Sorgenkind trotz aller Bem\u00fchungen nicht geschafft und ging am 23.04.2022 \u00fcber die Regenbogenbr\u00fccke.<br \/>\nMachs gut kleiner K\u00e4mpfer&#8230;<br \/>\n<img loading=\"lazy\" decoding=\"async\" src=\"https:\/\/www.aussie-sunny.de\/wp\/wp-content\/2022\/04\/WhatsApp-Image-2022-04-22-at-21.07.08.jpeg\" alt=\"\" width=\"480\" height=\"360\" class=\"alignleft size-full wp-image-7338\" srcset=\"https:\/\/www.aussie-sunny.de\/wp\/wp-content\/2022\/04\/WhatsApp-Image-2022-04-22-at-21.07.08.jpeg 480w, https:\/\/www.aussie-sunny.de\/wp\/wp-content\/2022\/04\/WhatsApp-Image-2022-04-22-at-21.07.08-300x225.jpeg 300w\" sizes=\"auto, (max-width: 480px) 100vw, 480px\" \/><\/p>\n","protected":false},"excerpt":{"rendered":"<p>Unser Red Tri R\u00fcde kam mit 267g um 20:57 auf die Welt Leider hat es unser Sorgenkind trotz aller Bem\u00fchungen nicht geschafft und ging am 23.04.2022 \u00fcber die Regenbogenbr\u00fccke. Machs gut kleiner K\u00e4mpfer&#8230;<\/p>\n","protected":false},"author":2,"featured_media":0,"parent":0,"menu_order":0,"comment_status":"closed","ping_status":"closed","template":"","meta":{"footnotes":""},"class_list":["post-6831","page","type-page","status-publish","h-entry","hentry"],"aioseo_notices":[],"_links":{"self":[{"href":"https:\/\/www.aussie-sunny.de\/wp\/wp-json\/wp\/v2\/pages\/6831","targetHints":{"allow":["GET"]}}],"collection":[{"href":"https:\/\/www.aussie-sunny.de\/wp\/wp-json\/wp\/v2\/pages"}],"about":[{"href":"https:\/\/www.aussie-sunny.de\/wp\/wp-json\/wp\/v2\/types\/page"}],"author":[{"embeddable":true,"href":"https:\/\/www.aussie-sunny.de\/wp\/wp-json\/wp\/v2\/users\/2"}],"replies":[{"embeddable":true,"href":"https:\/\/www.aussie-sunny.de\/wp\/wp-json\/wp\/v2\/comments?post=6831"}],"version-history":[{"count":0,"href":"https:\/\/www.aussie-sunny.de\/wp\/wp-json\/wp\/v2\/pages\/6831\/revisions"}],"wp:attachment":[{"href":"https:\/\/www.aussie-sunny.de\/wp\/wp-json\/wp\/v2\/media?parent=6831"}],"curies":[{"name":"wp","href":"https:\/\/api.w.org\/{rel}","templated":true}]}}