{"id":39,"date":"2007-07-13T14:21:21","date_gmt":"2007-07-13T12:21:21","guid":{"rendered":"http:\/\/www.aussie-sunny.de\/wp\/?page_id=39"},"modified":"2012-07-02T21:02:55","modified_gmt":"2012-07-02T19:02:55","slug":"djs-shadow-benji","status":"publish","type":"page","link":"https:\/\/www.aussie-sunny.de\/wp\/sunny\/nachzucht-2007\/djs-shadow-benji\/","title":{"rendered":"DJ\u00b4s Shadow Sky &#8222;Rudi&#8220;"},"content":{"rendered":"<p>vergeben an Tanja Gilke, Korntal&#8230;-&#8222;Rudi&#8220; wurde Rettungshund<\/p>\n<p><img loading=\"lazy\" decoding=\"async\" src=\"http:\/\/www.aussie-sunny.de\/wp\/wp-content\/400_rudi4.jpg\" alt=\"400_rudi4\" title=\"400_rudi4\" width=\"400\" height=\"266\" class=\"alignnone size-full wp-image-3153\" srcset=\"https:\/\/www.aussie-sunny.de\/wp\/wp-content\/400_rudi4.jpg 400w, https:\/\/www.aussie-sunny.de\/wp\/wp-content\/400_rudi4-300x199.jpg 300w\" sizes=\"auto, (max-width: 400px) 100vw, 400px\" \/><br \/>\nJuni 2012<\/p>\n<p><img loading=\"lazy\" decoding=\"async\" src=\"http:\/\/www.aussie-sunny.de\/wp\/wp-content\/400_rudi2.jpg\" alt=\"400_rudi2\" title=\"400_rudi2\" width=\"400\" height=\"266\" class=\"alignnone size-full wp-image-3151\" srcset=\"https:\/\/www.aussie-sunny.de\/wp\/wp-content\/400_rudi2.jpg 400w, https:\/\/www.aussie-sunny.de\/wp\/wp-content\/400_rudi2-300x199.jpg 300w\" sizes=\"auto, (max-width: 400px) 100vw, 400px\" \/><\/p>\n<p><img loading=\"lazy\" decoding=\"async\" src=\"http:\/\/www.aussie-sunny.de\/wp\/wp-content\/400_rudi3.jpg\" alt=\"400_rudi3\" title=\"400_rudi3\" width=\"400\" height=\"602\" class=\"alignnone size-full wp-image-3152\" srcset=\"https:\/\/www.aussie-sunny.de\/wp\/wp-content\/400_rudi3.jpg 400w, https:\/\/www.aussie-sunny.de\/wp\/wp-content\/400_rudi3-199x300.jpg 199w\" sizes=\"auto, (max-width: 400px) 100vw, 400px\" \/><\/p>\n<p><img loading=\"lazy\" decoding=\"async\" src=\"http:\/\/www.aussie-sunny.de\/wp\/wp-content\/400_rudi1.jpg\" alt=\"400_rudi1\" title=\"400_rudi1\" width=\"400\" height=\"602\" class=\"alignnone size-full wp-image-3150\" srcset=\"https:\/\/www.aussie-sunny.de\/wp\/wp-content\/400_rudi1.jpg 400w, https:\/\/www.aussie-sunny.de\/wp\/wp-content\/400_rudi1-199x300.jpg 199w\" sizes=\"auto, (max-width: 400px) 100vw, 400px\" \/><\/p>\n<p><img loading=\"lazy\" decoding=\"async\" src=\"http:\/\/www.aussie-sunny.de\/wp\/wp-content\/400_rudi.jpg\" alt=\"400_rudi\" title=\"400_rudi\" width=\"400\" height=\"266\" class=\"alignnone size-full wp-image-3149\" srcset=\"https:\/\/www.aussie-sunny.de\/wp\/wp-content\/400_rudi.jpg 400w, https:\/\/www.aussie-sunny.de\/wp\/wp-content\/400_rudi-300x199.jpg 300w\" sizes=\"auto, (max-width: 400px) 100vw, 400px\" \/><\/p>\n<p><a href=\"http:\/\/www.aussie-sunny.de\/wp\/wp-content\/L_INTSP_10-086_SL_Outdoor_H\u00fcttenzauber_110302.pdf\">Link hier<\/a><\/p>\n<p>Rudi mal wieder in den Medien, mit einem tollen Foto, lest mal:<br \/>\n<a href='http:\/\/www.aussie-sunny.de\/wp\/wp-content\/digiPaper_CDECACFA5E4B6E6F391C69CACA83F0D6.pdf'>Zeitungsbericht<\/a><\/p>\n<p><img loading=\"lazy\" decoding=\"async\" src=\"http:\/\/www.aussie-sunny.de\/wp\/wp-content\/425_IMG_4088.JPG\" alt=\"\" title=\"\" width=\"360\" height=\"480\" class=\"alignnone size-full wp-image-1110\" srcset=\"https:\/\/www.aussie-sunny.de\/wp\/wp-content\/425_IMG_4088.JPG 360w, https:\/\/www.aussie-sunny.de\/wp\/wp-content\/425_IMG_4088-225x300.jpg 225w\" sizes=\"auto, (max-width: 360px) 100vw, 360px\" \/><br \/>\n&#8230; hat am 7.Nov.2009 die Fl\u00e4chenpr\u00fcfung erfolgreich abgelegt, &#8222;Rettungsrudi&#8220;, darf ab sofort zu realen Eins\u00e4tzen mit, Gl\u00fcckwunsch von uns!!<\/p>\n<p><img loading=\"lazy\" decoding=\"async\" src=\"http:\/\/www.aussie-sunny.de\/wp\/wp-content\/425_IMG_4006.JPG\" alt=\"\" title=\"\" width=\"425\" height=\"319\" class=\"alignnone size-full wp-image-1109\" srcset=\"https:\/\/www.aussie-sunny.de\/wp\/wp-content\/425_IMG_4006.JPG 425w, https:\/\/www.aussie-sunny.de\/wp\/wp-content\/425_IMG_4006-300x225.jpg 300w\" sizes=\"auto, (max-width: 425px) 100vw, 425px\" \/><\/p>\n<p><img loading=\"lazy\" decoding=\"async\" src=\"http:\/\/www.aussie-sunny.de\/wp\/wp-content\/425_IMG_3999.JPG\" alt=\"\" title=\"\" width=\"425\" height=\"319\" class=\"alignnone size-full wp-image-1108\" srcset=\"https:\/\/www.aussie-sunny.de\/wp\/wp-content\/425_IMG_3999.JPG 425w, https:\/\/www.aussie-sunny.de\/wp\/wp-content\/425_IMG_3999-300x225.jpg 300w\" sizes=\"auto, (max-width: 425px) 100vw, 425px\" \/><\/p>\n<p><img loading=\"lazy\" decoding=\"async\" src=\"http:\/\/www.aussie-sunny.de\/wp\/wp-content\/425_IMG_4111.JPG\" alt=\"\" title=\"\" width=\"425\" height=\"567\" class=\"alignnone size-full wp-image-1111\" srcset=\"https:\/\/www.aussie-sunny.de\/wp\/wp-content\/425_IMG_4111.JPG 425w, https:\/\/www.aussie-sunny.de\/wp\/wp-content\/425_IMG_4111-224x300.jpg 224w\" sizes=\"auto, (max-width: 425px) 100vw, 425px\" \/><\/p>\n<p><img loading=\"lazy\" decoding=\"async\" src=\"http:\/\/www.aussie-sunny.de\/wp\/wp-content\/rudi09092.jpg\" alt=\"rudi09092\" title=\"rudi09092\" width=\"124\" height=\"166\" class=\"alignnone size-full wp-image-1059\" \/><\/p>\n<p><img loading=\"lazy\" decoding=\"async\" src=\"http:\/\/www.aussie-sunny.de\/wp\/wp-content\/rudi09093.jpg\" alt=\"rudi09093\" title=\"rudi09093\" width=\"221\" height=\"166\" class=\"alignnone size-full wp-image-1060\" \/><\/p>\n<p>&#8222;&#8230;.ich wollt euch mal ein paar aktuelle Bilder von dem sch\u00f6nsten Aussie in ganz BaW\u00fc schicken\u2026.es ist wirklich unglaublich was der Kerl alleine durch sein Aussehen an an Aufmerksamkeit erregt. T. meint, dass wir auch nackt neben dem Hund durch Stuttgart laufen k\u00f6nnten \u2013 es wird immer nur der Hund angeschaut und gerade die Farben und die blauen Augen f\u00fchren zu v\u00f6lligem verz\u00fccken\u2026.<\/p>\n<p>Er ist nach wie vor ein super Hund , der sich toll in die Familie integriert und alles immer geduldig mitmacht \u2013 der aber nat\u00fcrlich am liebsten als Rettungshund arbeitet und hier klasse Leistung bringt. Da wir am 7. November jetzt die offizielle Rettungshunde- Pr\u00fcfung habe d\u00fcrft ihr uns die Daumen dr\u00fccken ( wobei wir schon eine \u201e Probepr\u00fcfung \u201e gemacht haben und da haben wir als bestes Team abgeschnitten \u2013 mal sehen ob wir die Leistung nochmals bringen k\u00f6nnen\u2026.)!&#8230;&#8230;&#8220; 4.10.09<\/p>\n<p><img loading=\"lazy\" decoding=\"async\" src=\"http:\/\/www.aussie-sunny.de\/wp\/wp-content\/cimg0123-225x300.jpg\" alt=\"cimg0123\" \n\nFebruar 2009, wir besuchten Rudi mal in seinem neuen Zuhause\n\n<img loading=\"lazy\" decoding=\"async\" src=\"http:\/\/www.aussie-sunny.de\/wp\/wp-content\/400_img_0587.jpg\" alt=\"400_img_0587\" title=\"400_img_0587\" width=\"400\" height=\"300\" class=\"alignnone size-full wp-image-506\" \/><\/p>\n<p><img loading=\"lazy\" decoding=\"async\" src=\"http:\/\/www.aussie-sunny.de\/wp\/wp-content\/400_102_0294.jpg\" alt=\"400_102_0294\" title=\"400_102_0294\" width=\"400\" height=\"533\" class=\"alignnone size-full wp-image-507\" srcset=\"https:\/\/www.aussie-sunny.de\/wp\/wp-content\/400_102_0294.jpg 400w, https:\/\/www.aussie-sunny.de\/wp\/wp-content\/400_102_0294-225x300.jpg 225w\" sizes=\"auto, (max-width: 400px) 100vw, 400px\" \/><\/p>\n<p><img decoding=\"async\" id=\"image396\" alt=400_img_0079.jpg src=\"http:\/\/www.aussie-sunny.de\/wp\/wp-content\/400_img_0079.jpg\" \/><\/p>\n<p><img decoding=\"async\" id=\"image397\" alt=400_img_0084.JPG src=\"http:\/\/www.aussie-sunny.de\/wp\/wp-content\/400_img_0084.JPG\" \/><\/p>\n<p><img decoding=\"async\" id=\"image353\" alt=400_tanja3.jpg src=\"http:\/\/www.aussie-sunny.de\/wp\/wp-content\/400_tanja3.jpg\" \/><\/p>\n<p><img decoding=\"async\" id=\"image352\" alt=400_tanja2.jpg src=\"http:\/\/www.aussie-sunny.de\/wp\/wp-content\/400_tanja2.jpg\" \/><\/p>\n<p><img decoding=\"async\" id=\"image351\" alt=400_tanja1.jpg src=\"http:\/\/www.aussie-sunny.de\/wp\/wp-content\/400_tanja1.jpg\" \/><\/p>\n<p><img decoding=\"async\" id=\"image301\" alt=rotator_rudiundfalko1.JPG src=\"http:\/\/www.aussie-sunny.de\/wp\/wp-content\/rotator_rudiundfalko1.JPG\" \/><\/p>\n<p><img decoding=\"async\" id=\"image300\" alt=rotator_rudifalko2.JPG src=\"http:\/\/www.aussie-sunny.de\/wp\/wp-content\/rotator_rudifalko2.JPG\" \/><\/p>\n<p><img decoding=\"async\" id=\"image299\" alt=rotator_rudiaufsimba.JPG src=\"http:\/\/www.aussie-sunny.de\/wp\/wp-content\/rotator_rudiaufsimba.JPG\" \/><\/p>\n<p><img decoding=\"async\" id=\"image206\" alt=christkinder1rudisky.JPG src=\"http:\/\/www.aussie-sunny.de\/wp\/wp-content\/christkinder1rudisky.JPG\" \/><\/p>\n<p><a href=\"http:\/\/www.magejo.de\/Messe07.pdf\">Hier Infos<\/a> ueber seinen ersten Einsatz als Rettungshund&#8230; <\/p>\n<p><img decoding=\"async\" src=\"http:\/\/www.magejo.de\/tn_rudi1.JPG\" alt=\"\" \/><\/p>\n<p><img decoding=\"async\" src=\"http:\/\/www.magejo.de\/tn_rudi2.JPG\" alt=\"\" \/><\/p>\n<p><img decoding=\"async\" src=\"http:\/\/www.magejo.de\/tn_rudi3.JPG\" alt=\"\" \/><\/p>\n<p><img decoding=\"async\" id=\"image130\" alt=tn_rechtsrudi.JPG src=\"http:\/\/www.aussie-sunny.de\/wp\/wp-content\/tn_rechtsrudi.JPG\" \/><\/p>\n<p><img decoding=\"async\" id=\"image129\" alt=tn_1rudi2.JPG src=\"http:\/\/www.aussie-sunny.de\/wp\/wp-content\/tn_1rudi2.JPG\" \/><\/p>\n<p><img decoding=\"async\" id=\"image128\" alt=tn_1maraundrudi.JPG src=\"http:\/\/www.aussie-sunny.de\/wp\/wp-content\/tn_1maraundrudi.JPG\" \/><\/p>\n<p><img decoding=\"async\" src=\"http:\/\/www.aussie-sunny.de\/wp\/wp-content\/tn_cimg1276.JPG\" alt=\"\" \/><\/p>\n<p><img decoding=\"async\" src=\"http:\/\/www.magejo.de\/tn_benjigart.jpg\" alt=\"\" \/><\/p>\n<p>14 Tage:<br \/>\n<img decoding=\"async\" src=\"http:\/\/www.aussie-sunny.de\/wp\/wp-content\/tn_benji14t.jpg\" alt=\"\" \/><\/p>\n<p>8 Tage:<br \/>\n<img decoding=\"async\" src=\"http:\/\/www.magejo.de\/hund\/benji8.jpg\" alt=\"\" \/><\/p>\n<p>Nach der Geburt:<br \/>\n<img decoding=\"async\" src=\"http:\/\/www.magejo.de\/hund\/2.JPG\" alt=\"\" \/><\/p>\n","protected":false},"excerpt":{"rendered":"<p>vergeben an Tanja Gilke, Korntal&#8230;-&#8222;Rudi&#8220; wurde Rettungshund Juni 2012 Link hier Rudi mal wieder in den Medien, mit einem tollen Foto, lest mal: Zeitungsbericht &#8230; hat am 7.Nov.2009 die Fl\u00e4chenpr\u00fcfung erfolgreich abgelegt, &#8222;Rettungsrudi&#8220;, darf ab sofort zu realen Eins\u00e4tzen mit, Gl\u00fcckwunsch von uns!! &#8222;&#8230;.ich wollt euch mal ein paar aktuelle Bilder von dem sch\u00f6nsten Aussie [&hellip;]<\/p>\n","protected":false},"author":101011,"featured_media":0,"parent":919,"menu_order":0,"comment_status":"open","ping_status":"closed","template":"","meta":{"footnotes":""},"class_list":["post-39","page","type-page","status-publish","h-entry","hentry"],"aioseo_notices":[],"_links":{"self":[{"href":"https:\/\/www.aussie-sunny.de\/wp\/wp-json\/wp\/v2\/pages\/39","targetHints":{"allow":["GET"]}}],"collection":[{"href":"https:\/\/www.aussie-sunny.de\/wp\/wp-json\/wp\/v2\/pages"}],"about":[{"href":"https:\/\/www.aussie-sunny.de\/wp\/wp-json\/wp\/v2\/types\/page"}],"author":[{"embeddable":true,"href":"https:\/\/www.aussie-sunny.de\/wp\/wp-json\/wp\/v2\/users\/101011"}],"replies":[{"embeddable":true,"href":"https:\/\/www.aussie-sunny.de\/wp\/wp-json\/wp\/v2\/comments?post=39"}],"version-history":[{"count":0,"href":"https:\/\/www.aussie-sunny.de\/wp\/wp-json\/wp\/v2\/pages\/39\/revisions"}],"up":[{"embeddable":true,"href":"https:\/\/www.aussie-sunny.de\/wp\/wp-json\/wp\/v2\/pages\/919"}],"wp:attachment":[{"href":"https:\/\/www.aussie-sunny.de\/wp\/wp-json\/wp\/v2\/media?parent=39"}],"curies":[{"name":"wp","href":"https:\/\/api.w.org\/{rel}","templated":true}]}}