{"id":3739,"date":"2014-04-30T19:16:13","date_gmt":"2014-04-30T17:16:13","guid":{"rendered":"http:\/\/www.aussie-sunny.de\/wp\/?page_id=3739"},"modified":"2015-06-21T20:39:16","modified_gmt":"2015-06-21T18:39:16","slug":"spencer","status":"publish","type":"page","link":"https:\/\/www.aussie-sunny.de\/wp\/djs-shadow-cara\/nachzucht-2014-cara-und-cruz\/spencer\/","title":{"rendered":"Dj&#8216; Shadow Milow"},"content":{"rendered":"<p>27.04.14  0:50 Uhr  dunkler red-Merle Bub, 376 gr<br \/>\nSpencer, jetzt Maylo zieht zu Katja und Damian ganz in unsere N\u00e4he, wir freuen uns, das mal ein Baby  in unserer N\u00e4he bleibt, Katja hat wirklich sehr lange auf ihr M\u00e4del warten m\u00fcssen, und jetzt hat ihr Cara  einen Bub geschenkt, daf\u00fcr aber einen bildh\u00fcbschen!!<\/p>\n<p><a name=\"imageclose-3740\"><div class=\"lb-album\"><a href=\"#image-3740\"><img src=\"http:\/\/www.aussie-sunny.de\/wp\/wp-content\/milow14.jpg\" alt=\"milow14\" class=\"alignnone size-full wp-image-4214\"><span><\/span><\/a><\/div>              \r\n<a href=\"#imageclose-3740\" class=\"css3lightbox-close\">\r\n\t\t\t\t   <div class=\"lb-overlay\" id=\"image-3740\">\r\n                   <img src=\"http:\/\/www.aussie-sunny.de\/wp\/wp-content\/milow14.jpg\" alt=\"image-3740\">\r\n                   <\/div><\/a><\/p>\n<p><a name=\"imageclose-3741\"><div class=\"lb-album\"><a href=\"#image-3741\"><img src=\"http:\/\/www.aussie-sunny.de\/wp\/wp-content\/400_milow111.jpg\" alt=\"400_milow11\" class=\"alignnone size-full wp-image-4028\"><span><\/span><\/a><\/div>              \r\n<a href=\"#imageclose-3741\" class=\"css3lightbox-close\">\r\n\t\t\t\t   <div class=\"lb-overlay\" id=\"image-3741\">\r\n                   <img src=\"http:\/\/www.aussie-sunny.de\/wp\/wp-content\/400_milow111.jpg\" alt=\"image-3741\">\r\n                   <\/div><\/a><br \/>\n28.12.14<\/p>\n<p><a name=\"imageclose-3742\"><div class=\"lb-album\"><a href=\"#image-3742\"><img src=\"http:\/\/www.aussie-sunny.de\/wp\/wp-content\/400_milow10.jpg\" alt=\"400_milow10\" class=\"alignnone size-full wp-image-4029\"><span><\/span><\/a><\/div>              \r\n<a href=\"#imageclose-3742\" class=\"css3lightbox-close\">\r\n\t\t\t\t   <div class=\"lb-overlay\" id=\"image-3742\">\r\n                   <img src=\"http:\/\/www.aussie-sunny.de\/wp\/wp-content\/400_milow10.jpg\" alt=\"image-3742\">\r\n                   <\/div><\/a><\/p>\n<p><a name=\"imageclose-3743\"><div class=\"lb-album\"><a href=\"#image-3743\"><img src=\"http:\/\/www.aussie-sunny.de\/wp\/wp-content\/400_milow6.jpg\" alt=\"400_milow6\" class=\"alignnone size-full wp-image-3947\"><span><\/span><\/a><\/div>              \r\n<a href=\"#imageclose-3743\" class=\"css3lightbox-close\">\r\n\t\t\t\t   <div class=\"lb-overlay\" id=\"image-3743\">\r\n                   <img src=\"http:\/\/www.aussie-sunny.de\/wp\/wp-content\/400_milow6.jpg\" alt=\"image-3743\">\r\n                   <\/div><\/a><br \/>\n25.06.14<br \/>\n<a name=\"imageclose-3744\"><div class=\"lb-album\"><a href=\"#image-3744\"><img src=\"http:\/\/www.aussie-sunny.de\/wp\/wp-content\/400_milow7.jpg\" alt=\"400_milow7\" class=\"alignnone size-full wp-image-3948\"><span><\/span><\/a><\/div>              \r\n<a href=\"#imageclose-3744\" class=\"css3lightbox-close\">\r\n\t\t\t\t   <div class=\"lb-overlay\" id=\"image-3744\">\r\n                   <img src=\"http:\/\/www.aussie-sunny.de\/wp\/wp-content\/400_milow7.jpg\" alt=\"image-3744\">\r\n                   <\/div><\/a><\/p>\n<p><a name=\"imageclose-3745\"><div class=\"lb-album\"><a href=\"#image-3745\"><img src=\"http:\/\/www.aussie-sunny.de\/wp\/wp-content\/400_milow51.jpg\" alt=\"400_milow5\" class=\"alignnone size-full wp-image-3939\"><span><\/span><\/a><\/div>              \r\n<a href=\"#imageclose-3745\" class=\"css3lightbox-close\">\r\n\t\t\t\t   <div class=\"lb-overlay\" id=\"image-3745\">\r\n                   <img src=\"http:\/\/www.aussie-sunny.de\/wp\/wp-content\/400_milow51.jpg\" alt=\"image-3745\">\r\n                   <\/div><\/a><\/p>\n<p> Milow im neuen Zuhause<\/p>\n<p><a name=\"imageclose-3746\"><div class=\"lb-album\"><a href=\"#image-3746\"><img src=\"http:\/\/www.aussie-sunny.de\/wp\/wp-content\/400_DSC_1453.jpg\" alt=\"400_DSC_1453\" class=\"alignnone size-full wp-image-3938\"><span><\/span><\/a><\/div>              \r\n<a href=\"#imageclose-3746\" class=\"css3lightbox-close\">\r\n\t\t\t\t   <div class=\"lb-overlay\" id=\"image-3746\">\r\n                   <img src=\"http:\/\/www.aussie-sunny.de\/wp\/wp-content\/400_DSC_1453.jpg\" alt=\"image-3746\">\r\n                   <\/div><\/a><\/p>\n<p><a name=\"imageclose-3747\"><div class=\"lb-album\"><a href=\"#image-3747\"><img src=\"http:\/\/www.aussie-sunny.de\/wp\/wp-content\/400_DSC_1226.jpg\" alt=\"400_DSC_1226\" class=\"alignnone size-full wp-image-3910\"><span><\/span><\/a><\/div>              \r\n<a href=\"#imageclose-3747\" class=\"css3lightbox-close\">\r\n\t\t\t\t   <div class=\"lb-overlay\" id=\"image-3747\">\r\n                   <img src=\"http:\/\/www.aussie-sunny.de\/wp\/wp-content\/400_DSC_1226.jpg\" alt=\"image-3747\">\r\n                   <\/div><\/a><\/p>\n<p><a name=\"imageclose-3748\"><div class=\"lb-album\"><a href=\"#image-3748\"><img src=\"http:\/\/www.aussie-sunny.de\/wp\/wp-content\/400_DSC_1224.jpg\" alt=\"400_DSC_1224\" class=\"alignnone size-full wp-image-3911\"><span><\/span><\/a><\/div>              \r\n<a href=\"#imageclose-3748\" class=\"css3lightbox-close\">\r\n\t\t\t\t   <div class=\"lb-overlay\" id=\"image-3748\">\r\n                   <img src=\"http:\/\/www.aussie-sunny.de\/wp\/wp-content\/400_DSC_1224.jpg\" alt=\"image-3748\">\r\n                   <\/div><\/a><\/p>\n<p><a name=\"imageclose-3749\"><div class=\"lb-album\"><a href=\"#image-3749\"><img src=\"http:\/\/www.aussie-sunny.de\/wp\/wp-content\/400_DSC_1085.jpg\" alt=\"400_DSC_1085\" class=\"alignnone size-full wp-image-3912\"><span><\/span><\/a><\/div>              \r\n<a href=\"#imageclose-3749\" class=\"css3lightbox-close\">\r\n\t\t\t\t   <div class=\"lb-overlay\" id=\"image-3749\">\r\n                   <img src=\"http:\/\/www.aussie-sunny.de\/wp\/wp-content\/400_DSC_1085.jpg\" alt=\"image-3749\">\r\n                   <\/div><\/a><\/p>\n<p><a name=\"imageclose-3750\"><div class=\"lb-album\"><a href=\"#image-3750\"><img src=\"http:\/\/www.aussie-sunny.de\/wp\/wp-content\/400_DSC_13331.jpg\" alt=\"400_DSC_1333\" class=\"alignnone size-full wp-image-3913\"><span><\/span><\/a><\/div>              \r\n<a href=\"#imageclose-3750\" class=\"css3lightbox-close\">\r\n\t\t\t\t   <div class=\"lb-overlay\" id=\"image-3750\">\r\n                   <img src=\"http:\/\/www.aussie-sunny.de\/wp\/wp-content\/400_DSC_13331.jpg\" alt=\"image-3750\">\r\n                   <\/div><\/a><\/p>\n<p><a name=\"imageclose-3751\"><div class=\"lb-album\"><a href=\"#image-3751\"><img src=\"http:\/\/www.aussie-sunny.de\/wp\/wp-content\/400_DSC_1258.jpg\" alt=\"400_DSC_1258\" class=\"alignnone size-full wp-image-3914\"><span><\/span><\/a><\/div>              \r\n<a href=\"#imageclose-3751\" class=\"css3lightbox-close\">\r\n\t\t\t\t   <div class=\"lb-overlay\" id=\"image-3751\">\r\n                   <img src=\"http:\/\/www.aussie-sunny.de\/wp\/wp-content\/400_DSC_1258.jpg\" alt=\"image-3751\">\r\n                   <\/div><\/a><\/p>\n<p><a name=\"imageclose-3752\"><div class=\"lb-album\"><a href=\"#image-3752\"><img src=\"http:\/\/www.aussie-sunny.de\/wp\/wp-content\/400_DSC_1248.jpg\" alt=\"400_DSC_1248\" class=\"alignnone size-full wp-image-3915\"><span><\/span><\/a><\/div>              \r\n<a href=\"#imageclose-3752\" class=\"css3lightbox-close\">\r\n\t\t\t\t   <div class=\"lb-overlay\" id=\"image-3752\">\r\n                   <img src=\"http:\/\/www.aussie-sunny.de\/wp\/wp-content\/400_DSC_1248.jpg\" alt=\"image-3752\">\r\n                   <\/div><\/a><\/p>\n<p><a name=\"imageclose-3753\"><div class=\"lb-album\"><a href=\"#image-3753\"><img src=\"http:\/\/www.aussie-sunny.de\/wp\/wp-content\/400_DSC_1243.jpg\" alt=\"400_DSC_1243\" class=\"alignnone size-full wp-image-3916\"><span><\/span><\/a><\/div>              \r\n<a href=\"#imageclose-3753\" class=\"css3lightbox-close\">\r\n\t\t\t\t   <div class=\"lb-overlay\" id=\"image-3753\">\r\n                   <img src=\"http:\/\/www.aussie-sunny.de\/wp\/wp-content\/400_DSC_1243.jpg\" alt=\"image-3753\">\r\n                   <\/div><\/a><\/p>\n<p><a name=\"imageclose-3754\"><div class=\"lb-album\"><a href=\"#image-3754\"><img src=\"http:\/\/www.aussie-sunny.de\/wp\/wp-content\/400_DSC_0701.jpg\" alt=\"400_DSC_0701\" class=\"alignnone size-full wp-image-3850\"><span><\/span><\/a><\/div>              \r\n<a href=\"#imageclose-3754\" class=\"css3lightbox-close\">\r\n\t\t\t\t   <div class=\"lb-overlay\" id=\"image-3754\">\r\n                   <img src=\"http:\/\/www.aussie-sunny.de\/wp\/wp-content\/400_DSC_0701.jpg\" alt=\"image-3754\">\r\n                   <\/div><\/a><br \/>\n19.05.14<br \/>\n<a name=\"imageclose-3755\"><div class=\"lb-album\"><a href=\"#image-3755\"><img src=\"http:\/\/www.aussie-sunny.de\/wp\/wp-content\/400_DSC_0703.jpg\" alt=\"400_DSC_0703\" class=\"alignnone size-full wp-image-3851\"><span><\/span><\/a><\/div>              \r\n<a href=\"#imageclose-3755\" class=\"css3lightbox-close\">\r\n\t\t\t\t   <div class=\"lb-overlay\" id=\"image-3755\">\r\n                   <img src=\"http:\/\/www.aussie-sunny.de\/wp\/wp-content\/400_DSC_0703.jpg\" alt=\"image-3755\">\r\n                   <\/div><\/a><\/p>\n<p><a name=\"imageclose-3756\"><div class=\"lb-album\"><a href=\"#image-3756\"><img src=\"http:\/\/www.aussie-sunny.de\/wp\/wp-content\/400_DSC_0515.jpg\" alt=\"400_DSC_0515\" class=\"alignnone size-full wp-image-3809\"><span><\/span><\/a><\/div>              \r\n<a href=\"#imageclose-3756\" class=\"css3lightbox-close\">\r\n\t\t\t\t   <div class=\"lb-overlay\" id=\"image-3756\">\r\n                   <img src=\"http:\/\/www.aussie-sunny.de\/wp\/wp-content\/400_DSC_0515.jpg\" alt=\"image-3756\">\r\n                   <\/div><\/a><\/p>\n<p>14 Tage alt<\/p>\n<p><a name=\"imageclose-3757\"><div class=\"lb-album\"><a href=\"#image-3757\"><img src=\"http:\/\/www.aussie-sunny.de\/wp\/wp-content\/400_DSC_0517.jpg\" alt=\"400_DSC_0517\" class=\"alignnone size-full wp-image-3810\"><span><\/span><\/a><\/div>              \r\n<a href=\"#imageclose-3757\" class=\"css3lightbox-close\">\r\n\t\t\t\t   <div class=\"lb-overlay\" id=\"image-3757\">\r\n                   <img src=\"http:\/\/www.aussie-sunny.de\/wp\/wp-content\/400_DSC_0517.jpg\" alt=\"image-3757\">\r\n                   <\/div><\/a><\/p>\n<p><a name=\"imageclose-3758\"><div class=\"lb-album\"><a href=\"#image-3758\"><img src=\"http:\/\/www.aussie-sunny.de\/wp\/wp-content\/400_DSC_0371.jpg\" alt=\"400_DSC_0371\" class=\"alignnone size-full wp-image-3786\"><span><\/span><\/a><\/div>              \r\n<a href=\"#imageclose-3758\" class=\"css3lightbox-close\">\r\n\t\t\t\t   <div class=\"lb-overlay\" id=\"image-3758\">\r\n                   <img src=\"http:\/\/www.aussie-sunny.de\/wp\/wp-content\/400_DSC_0371.jpg\" alt=\"image-3758\">\r\n                   <\/div><\/a><\/p>\n<p>10 Tage alt<\/p>\n<p><a name=\"imageclose-3759\"><div class=\"lb-album\"><a href=\"#image-3759\"><img src=\"http:\/\/www.aussie-sunny.de\/wp\/wp-content\/400_DSC_0375.jpg\" alt=\"400_DSC_0375\" class=\"alignnone size-full wp-image-3787\"><span><\/span><\/a><\/div>              \r\n<a href=\"#imageclose-3759\" class=\"css3lightbox-close\">\r\n\t\t\t\t   <div class=\"lb-overlay\" id=\"image-3759\">\r\n                   <img src=\"http:\/\/www.aussie-sunny.de\/wp\/wp-content\/400_DSC_0375.jpg\" alt=\"image-3759\">\r\n                   <\/div><\/a><\/p>\n<p><a name=\"imageclose-3760\"><div class=\"lb-album\"><a href=\"#image-3760\"><img src=\"http:\/\/www.aussie-sunny.de\/wp\/wp-content\/400_IMG_0132.jpg\" alt=\"400_IMG_0132\" class=\"alignnone size-full wp-image-3761\"><span><\/span><\/a><\/div>              \r\n<a href=\"#imageclose-3760\" class=\"css3lightbox-close\">\r\n\t\t\t\t   <div class=\"lb-overlay\" id=\"image-3760\">\r\n                   <img src=\"http:\/\/www.aussie-sunny.de\/wp\/wp-content\/400_IMG_0132.jpg\" alt=\"image-3760\">\r\n                   <\/div><\/a><\/p>\n<p>3 Tage alt <\/p>\n<p><a name=\"imageclose-3761\"><div class=\"lb-album\"><a href=\"#image-3761\"><img src=\"http:\/\/www.aussie-sunny.de\/wp\/wp-content\/400_IMG_0139.jpg\" alt=\"400_IMG_0139\" class=\"alignnone size-full wp-image-3762\"><span><\/span><\/a><\/div>              \r\n<a href=\"#imageclose-3761\" class=\"css3lightbox-close\">\r\n\t\t\t\t   <div class=\"lb-overlay\" id=\"image-3761\">\r\n                   <img src=\"http:\/\/www.aussie-sunny.de\/wp\/wp-content\/400_IMG_0139.jpg\" alt=\"image-3761\">\r\n                   <\/div><\/a><\/p>\n","protected":false},"excerpt":{"rendered":"<p>27.04.14 0:50 Uhr dunkler red-Merle Bub, 376 gr Spencer, jetzt Maylo zieht zu Katja und Damian ganz in unsere N\u00e4he, wir freuen uns, das mal ein Baby in unserer N\u00e4he bleibt, Katja hat wirklich sehr lange auf ihr M\u00e4del warten m\u00fcssen, und jetzt hat ihr Cara einen Bub geschenkt, daf\u00fcr aber einen bildh\u00fcbschen!! 28.12.14 25.06.14 [&hellip;]<\/p>\n","protected":false},"author":101011,"featured_media":0,"parent":3735,"menu_order":2,"comment_status":"open","ping_status":"closed","template":"","meta":{"footnotes":""},"class_list":["post-3739","page","type-page","status-publish","h-entry","hentry"],"aioseo_notices":[],"_links":{"self":[{"href":"https:\/\/www.aussie-sunny.de\/wp\/wp-json\/wp\/v2\/pages\/3739","targetHints":{"allow":["GET"]}}],"collection":[{"href":"https:\/\/www.aussie-sunny.de\/wp\/wp-json\/wp\/v2\/pages"}],"about":[{"href":"https:\/\/www.aussie-sunny.de\/wp\/wp-json\/wp\/v2\/types\/page"}],"author":[{"embeddable":true,"href":"https:\/\/www.aussie-sunny.de\/wp\/wp-json\/wp\/v2\/users\/101011"}],"replies":[{"embeddable":true,"href":"https:\/\/www.aussie-sunny.de\/wp\/wp-json\/wp\/v2\/comments?post=3739"}],"version-history":[{"count":0,"href":"https:\/\/www.aussie-sunny.de\/wp\/wp-json\/wp\/v2\/pages\/3739\/revisions"}],"up":[{"embeddable":true,"href":"https:\/\/www.aussie-sunny.de\/wp\/wp-json\/wp\/v2\/pages\/3735"}],"wp:attachment":[{"href":"https:\/\/www.aussie-sunny.de\/wp\/wp-json\/wp\/v2\/media?parent=3739"}],"curies":[{"name":"wp","href":"https:\/\/api.w.org\/{rel}","templated":true}]}}