{"id":1390,"date":"2010-07-03T20:16:33","date_gmt":"2010-07-03T18:16:33","guid":{"rendered":"http:\/\/www.aussie-sunny.de\/wp\/?page_id=1390"},"modified":"2012-01-28T19:47:51","modified_gmt":"2012-01-28T18:47:51","slug":"djs-shadow-welpen-2010-4-red-tri-bub","status":"publish","type":"page","link":"https:\/\/www.aussie-sunny.de\/wp\/djs-shadow-cara\/nachzucht-2010\/djs-shadow-welpen-2010-4-red-tri-bub\/","title":{"rendered":"Dj`s Shadow Riley &#8222;Elan&#8220;"},"content":{"rendered":"<p>10.16 Uhr red-tri Bub  284 gr. Ein ganz s\u00fc\u00dfer, angenehmer kleiner Bursche, mein Liebling!! <\/p>\n<p>Fam. Knieriemen hat sich in Riley &#8222;Elan&#8220; verliebt und k\u00f6nnen es gar nicht erwarten ihn zu sich nach Hause zu holen<br \/>\nSabine hat ihren Wilden heute geholt, er mischt jetzt deren Familienleben in Kaiserslautern auf<\/p>\n<p><img loading=\"lazy\" decoding=\"async\" src=\"http:\/\/www.aussie-sunny.de\/wp\/wp-content\/400_elan51.JPG\" alt=\"400_elan5\" title=\"400_elan5\" width=\"400\" height=\"602\" class=\"alignnone size-full wp-image-2767\" srcset=\"https:\/\/www.aussie-sunny.de\/wp\/wp-content\/400_elan51.JPG 400w, https:\/\/www.aussie-sunny.de\/wp\/wp-content\/400_elan51-199x300.jpg 199w\" sizes=\"auto, (max-width: 400px) 100vw, 400px\" \/><br \/>\n26.01.12<\/p>\n<p><img loading=\"lazy\" decoding=\"async\" src=\"http:\/\/www.aussie-sunny.de\/wp\/wp-content\/400_elan61.JPG\" alt=\"400_elan6\" title=\"400_elan6\" width=\"400\" height=\"554\" class=\"alignnone size-full wp-image-2766\" srcset=\"https:\/\/www.aussie-sunny.de\/wp\/wp-content\/400_elan61.JPG 400w, https:\/\/www.aussie-sunny.de\/wp\/wp-content\/400_elan61-216x300.jpg 216w\" sizes=\"auto, (max-width: 400px) 100vw, 400px\" \/><\/p>\n<p><img loading=\"lazy\" decoding=\"async\" src=\"http:\/\/www.aussie-sunny.de\/wp\/wp-content\/400_elan1.JPG\" alt=\"400_elan\" title=\"400_elan\" width=\"400\" height=\"377\" class=\"alignnone size-full wp-image-2581\" srcset=\"https:\/\/www.aussie-sunny.de\/wp\/wp-content\/400_elan1.JPG 400w, https:\/\/www.aussie-sunny.de\/wp\/wp-content\/400_elan1-300x282.jpg 300w\" sizes=\"auto, (max-width: 400px) 100vw, 400px\" \/><br \/>\nElan in seiner Berufskleidung<\/p>\n<p><img loading=\"lazy\" decoding=\"async\" src=\"http:\/\/www.aussie-sunny.de\/wp\/wp-content\/400_elan18.JPG\" alt=\"400_elan1\" title=\"400_elan1\" width=\"400\" height=\"267\" class=\"alignnone size-full wp-image-2584\" srcset=\"https:\/\/www.aussie-sunny.de\/wp\/wp-content\/400_elan18.JPG 400w, https:\/\/www.aussie-sunny.de\/wp\/wp-content\/400_elan18-300x200.jpg 300w\" sizes=\"auto, (max-width: 400px) 100vw, 400px\" \/><\/p>\n<p><img loading=\"lazy\" decoding=\"async\" src=\"http:\/\/www.aussie-sunny.de\/wp\/wp-content\/400_DSC_5993.JPG\" alt=\"400_DSC_5993\" title=\"400_DSC_5993\" width=\"400\" height=\"266\" class=\"alignnone size-full wp-image-2395\" srcset=\"https:\/\/www.aussie-sunny.de\/wp\/wp-content\/400_DSC_5993.JPG 400w, https:\/\/www.aussie-sunny.de\/wp\/wp-content\/400_DSC_5993-300x199.jpg 300w\" sizes=\"auto, (max-width: 400px) 100vw, 400px\" \/><br \/>\nElan und Ellie<\/p>\n<p><img loading=\"lazy\" decoding=\"async\" src=\"http:\/\/www.aussie-sunny.de\/wp\/wp-content\/400_DSC_5981.JPG\" alt=\"400_DSC_5981\" title=\"400_DSC_5981\" width=\"400\" height=\"266\" class=\"alignnone size-full wp-image-2394\" srcset=\"https:\/\/www.aussie-sunny.de\/wp\/wp-content\/400_DSC_5981.JPG 400w, https:\/\/www.aussie-sunny.de\/wp\/wp-content\/400_DSC_5981-300x199.jpg 300w\" sizes=\"auto, (max-width: 400px) 100vw, 400px\" \/><br \/>\n30.04.11 Elan zu Besuch : Elan und Ben<\/p>\n<p><img loading=\"lazy\" decoding=\"async\" src=\"http:\/\/www.aussie-sunny.de\/wp\/wp-content\/400_elan0411.JPG\" alt=\"400_elan0411\" title=\"400_elan0411\" width=\"400\" height=\"318\" class=\"alignnone size-full wp-image-2365\" srcset=\"https:\/\/www.aussie-sunny.de\/wp\/wp-content\/400_elan0411.JPG 400w, https:\/\/www.aussie-sunny.de\/wp\/wp-content\/400_elan0411-300x238.jpg 300w\" sizes=\"auto, (max-width: 400px) 100vw, 400px\" \/><br \/>\n23.04.11<\/p>\n<p><img loading=\"lazy\" decoding=\"async\" src=\"http:\/\/www.aussie-sunny.de\/wp\/wp-content\/400_elan411.JPG\" alt=\"400_elan411\" title=\"400_elan411\" width=\"400\" height=\"600\" class=\"alignnone size-full wp-image-2364\" srcset=\"https:\/\/www.aussie-sunny.de\/wp\/wp-content\/400_elan411.JPG 400w, https:\/\/www.aussie-sunny.de\/wp\/wp-content\/400_elan411-200x300.jpg 200w\" sizes=\"auto, (max-width: 400px) 100vw, 400px\" \/><\/p>\n<p><img loading=\"lazy\" decoding=\"async\" src=\"http:\/\/www.aussie-sunny.de\/wp\/wp-content\/400_elan14.JPG\" alt=\"400_elan14\" title=\"400_elan14\" width=\"400\" height=\"319\" class=\"alignnone size-full wp-image-2107\" srcset=\"https:\/\/www.aussie-sunny.de\/wp\/wp-content\/400_elan14.JPG 400w, https:\/\/www.aussie-sunny.de\/wp\/wp-content\/400_elan14-300x239.jpg 300w\" sizes=\"auto, (max-width: 400px) 100vw, 400px\" \/><\/p>\n<p><img loading=\"lazy\" decoding=\"async\" src=\"http:\/\/www.aussie-sunny.de\/wp\/wp-content\/400_elan15.JPG\" alt=\"400_elan15\" title=\"400_elan15\" width=\"400\" height=\"228\" class=\"alignnone size-full wp-image-2106\" srcset=\"https:\/\/www.aussie-sunny.de\/wp\/wp-content\/400_elan15.JPG 400w, https:\/\/www.aussie-sunny.de\/wp\/wp-content\/400_elan15-300x171.jpg 300w\" sizes=\"auto, (max-width: 400px) 100vw, 400px\" \/><\/p>\n<p><img loading=\"lazy\" decoding=\"async\" src=\"http:\/\/www.aussie-sunny.de\/wp\/wp-content\/400_elan16.JPG\" alt=\"400_elan16\" title=\"400_elan16\" width=\"400\" height=\"267\" class=\"alignnone size-full wp-image-2105\" srcset=\"https:\/\/www.aussie-sunny.de\/wp\/wp-content\/400_elan16.JPG 400w, https:\/\/www.aussie-sunny.de\/wp\/wp-content\/400_elan16-300x200.jpg 300w\" sizes=\"auto, (max-width: 400px) 100vw, 400px\" \/><\/p>\n<p><img loading=\"lazy\" decoding=\"async\" src=\"http:\/\/www.aussie-sunny.de\/wp\/wp-content\/400_elan13.JPG\" alt=\"400_elan13\" title=\"400_elan13\" width=\"400\" height=\"300\" class=\"alignnone size-full wp-image-2069\" srcset=\"https:\/\/www.aussie-sunny.de\/wp\/wp-content\/400_elan13.JPG 400w, https:\/\/www.aussie-sunny.de\/wp\/wp-content\/400_elan13-300x225.jpg 300w\" sizes=\"auto, (max-width: 400px) 100vw, 400px\" \/><br \/>\n30.01.11<\/p>\n<p><img loading=\"lazy\" decoding=\"async\" src=\"http:\/\/www.aussie-sunny.de\/wp\/wp-content\/400_elan12.JPG\" alt=\"400_elan12\" title=\"400_elan12\" width=\"400\" height=\"250\" class=\"alignnone size-full wp-image-2068\" srcset=\"https:\/\/www.aussie-sunny.de\/wp\/wp-content\/400_elan12.JPG 400w, https:\/\/www.aussie-sunny.de\/wp\/wp-content\/400_elan12-300x187.jpg 300w\" sizes=\"auto, (max-width: 400px) 100vw, 400px\" \/><\/p>\n<p><img loading=\"lazy\" decoding=\"async\" src=\"http:\/\/www.aussie-sunny.de\/wp\/wp-content\/400_CIMG62551.JPG\" alt=\"400_CIMG6255\" title=\"400_CIMG6255\" width=\"400\" height=\"300\" class=\"alignnone size-full wp-image-2008\" srcset=\"https:\/\/www.aussie-sunny.de\/wp\/wp-content\/400_CIMG62551.JPG 400w, https:\/\/www.aussie-sunny.de\/wp\/wp-content\/400_CIMG62551-300x225.jpg 300w\" sizes=\"auto, (max-width: 400px) 100vw, 400px\" \/><br \/>\n09.01.2010<\/p>\n<p><img loading=\"lazy\" decoding=\"async\" src=\"http:\/\/www.aussie-sunny.de\/wp\/wp-content\/400_CIMG62691.JPG\" alt=\"400_CIMG6269\" title=\"400_CIMG6269\" width=\"400\" height=\"300\" class=\"alignnone size-full wp-image-2007\" srcset=\"https:\/\/www.aussie-sunny.de\/wp\/wp-content\/400_CIMG62691.JPG 400w, https:\/\/www.aussie-sunny.de\/wp\/wp-content\/400_CIMG62691-300x225.jpg 300w\" sizes=\"auto, (max-width: 400px) 100vw, 400px\" \/><\/p>\n<p><img loading=\"lazy\" decoding=\"async\" src=\"http:\/\/www.aussie-sunny.de\/wp\/wp-content\/400_elan10.JPG\" alt=\"400_elan10\" title=\"400_elan10\" width=\"400\" height=\"300\" class=\"alignnone size-full wp-image-1976\" srcset=\"https:\/\/www.aussie-sunny.de\/wp\/wp-content\/400_elan10.JPG 400w, https:\/\/www.aussie-sunny.de\/wp\/wp-content\/400_elan10-300x225.jpg 300w\" sizes=\"auto, (max-width: 400px) 100vw, 400px\" \/><br \/>\n25.12.10<br \/>\n<img loading=\"lazy\" decoding=\"async\" src=\"http:\/\/www.aussie-sunny.de\/wp\/wp-content\/400_elan11.JPG\" alt=\"400_elan11\" title=\"400_elan11\" width=\"400\" height=\"252\" class=\"alignnone size-full wp-image-1977\" srcset=\"https:\/\/www.aussie-sunny.de\/wp\/wp-content\/400_elan11.JPG 400w, https:\/\/www.aussie-sunny.de\/wp\/wp-content\/400_elan11-300x189.jpg 300w\" sizes=\"auto, (max-width: 400px) 100vw, 400px\" \/><\/p>\n<p><img loading=\"lazy\" decoding=\"async\" src=\"http:\/\/www.aussie-sunny.de\/wp\/wp-content\/400_elan9.JPG\" alt=\"400_elan9\" title=\"400_elan9\" width=\"400\" height=\"183\" class=\"alignnone size-full wp-image-1975\" srcset=\"https:\/\/www.aussie-sunny.de\/wp\/wp-content\/400_elan9.JPG 400w, https:\/\/www.aussie-sunny.de\/wp\/wp-content\/400_elan9-300x137.jpg 300w\" sizes=\"auto, (max-width: 400px) 100vw, 400px\" \/><\/p>\n<p><img loading=\"lazy\" decoding=\"async\" src=\"http:\/\/www.aussie-sunny.de\/wp\/wp-content\/400_elan8.JPG\" alt=\"400_elan8\" title=\"400_elan8\" width=\"400\" height=\"324\" class=\"alignnone size-full wp-image-1965\" srcset=\"https:\/\/www.aussie-sunny.de\/wp\/wp-content\/400_elan8.JPG 400w, https:\/\/www.aussie-sunny.de\/wp\/wp-content\/400_elan8-300x243.jpg 300w\" sizes=\"auto, (max-width: 400px) 100vw, 400px\" \/><br \/>\n20.12.10<\/p>\n<p><img loading=\"lazy\" decoding=\"async\" src=\"http:\/\/www.aussie-sunny.de\/wp\/wp-content\/400_elan6.JPG\" alt=\"400_elan6\" title=\"400_elan6\" width=\"400\" height=\"471\" class=\"alignnone size-full wp-image-1917\" srcset=\"https:\/\/www.aussie-sunny.de\/wp\/wp-content\/400_elan6.JPG 400w, https:\/\/www.aussie-sunny.de\/wp\/wp-content\/400_elan6-254x300.jpg 254w\" sizes=\"auto, (max-width: 400px) 100vw, 400px\" \/><br \/>\n01.12.10<\/p>\n<p><img loading=\"lazy\" decoding=\"async\" src=\"http:\/\/www.aussie-sunny.de\/wp\/wp-content\/400_elan7.JPG\" alt=\"400_elan7\" title=\"400_elan7\" width=\"400\" height=\"320\" class=\"alignnone size-full wp-image-1916\" srcset=\"https:\/\/www.aussie-sunny.de\/wp\/wp-content\/400_elan7.JPG 400w, https:\/\/www.aussie-sunny.de\/wp\/wp-content\/400_elan7-300x240.jpg 300w\" sizes=\"auto, (max-width: 400px) 100vw, 400px\" \/><\/p>\n<p><img loading=\"lazy\" decoding=\"async\" src=\"http:\/\/www.aussie-sunny.de\/wp\/wp-content\/400_elan5.JPG\" alt=\"400_elan5\" title=\"400_elan5\" width=\"320\" height=\"480\" class=\"alignnone size-full wp-image-1902\" srcset=\"https:\/\/www.aussie-sunny.de\/wp\/wp-content\/400_elan5.JPG 320w, https:\/\/www.aussie-sunny.de\/wp\/wp-content\/400_elan5-200x300.jpg 200w\" sizes=\"auto, (max-width: 320px) 100vw, 320px\" \/><br \/>\n15.11.10<\/p>\n<p><img loading=\"lazy\" decoding=\"async\" src=\"http:\/\/www.aussie-sunny.de\/wp\/wp-content\/400_elan4.JPG\" alt=\"400_elan4\" title=\"400_elan4\" width=\"400\" height=\"321\" class=\"alignnone size-full wp-image-1884\" srcset=\"https:\/\/www.aussie-sunny.de\/wp\/wp-content\/400_elan4.JPG 400w, https:\/\/www.aussie-sunny.de\/wp\/wp-content\/400_elan4-300x240.jpg 300w\" sizes=\"auto, (max-width: 400px) 100vw, 400px\" \/><\/p>\n<p><img loading=\"lazy\" decoding=\"async\" src=\"http:\/\/www.aussie-sunny.de\/wp\/wp-content\/elan2.JPG\" alt=\"elan2\" title=\"elan2\" width=\"480\" height=\"320\" class=\"alignnone size-full wp-image-1861\" srcset=\"https:\/\/www.aussie-sunny.de\/wp\/wp-content\/elan2.JPG 480w, https:\/\/www.aussie-sunny.de\/wp\/wp-content\/elan2-300x200.jpg 300w\" sizes=\"auto, (max-width: 480px) 100vw, 480px\" \/><\/p>\n<p><img loading=\"lazy\" decoding=\"async\" src=\"http:\/\/www.aussie-sunny.de\/wp\/wp-content\/elan3.JPG\" alt=\"elan3\" title=\"elan3\" width=\"480\" height=\"320\" class=\"alignnone size-full wp-image-1860\" srcset=\"https:\/\/www.aussie-sunny.de\/wp\/wp-content\/elan3.JPG 480w, https:\/\/www.aussie-sunny.de\/wp\/wp-content\/elan3-300x200.jpg 300w\" sizes=\"auto, (max-width: 480px) 100vw, 480px\" \/><\/p>\n<p><img loading=\"lazy\" decoding=\"async\" src=\"http:\/\/www.aussie-sunny.de\/wp\/wp-content\/400_elan.JPG\" alt=\"400_elan\" title=\"400_elan\" width=\"400\" height=\"300\" class=\"alignnone size-full wp-image-1812\" srcset=\"https:\/\/www.aussie-sunny.de\/wp\/wp-content\/400_elan.JPG 400w, https:\/\/www.aussie-sunny.de\/wp\/wp-content\/400_elan-300x225.jpg 300w\" sizes=\"auto, (max-width: 400px) 100vw, 400px\" \/><\/p>\n<p><img loading=\"lazy\" decoding=\"async\" src=\"http:\/\/www.aussie-sunny.de\/wp\/wp-content\/400_riley3.jpg\" alt=\"400_riley3\" title=\"400_riley3\" width=\"400\" height=\"300\" class=\"alignnone size-full wp-image-1792\" srcset=\"https:\/\/www.aussie-sunny.de\/wp\/wp-content\/400_riley3.jpg 400w, https:\/\/www.aussie-sunny.de\/wp\/wp-content\/400_riley3-300x225.jpg 300w\" sizes=\"auto, (max-width: 400px) 100vw, 400px\" \/><\/p>\n<p>&#8230; erstes Bild vom neuen Zuhause, Riley scheint sich wohlzuf\u00fchlen<\/p>\n<p>&#8222;Die erste Nacht haben wir gut \u00fcberstanden, etwas m\u00fcde, aber dass legt sich mit der Zeit.<br \/>\nGestern Abend hatten wir noch Besuch, er war total aufgedreht, weil die Kinder mit ihm spielten, danach gab es noch mal Futter und wir waren noch spazieren, lief ohne Probleme an der Leine, richtig vorbildlich,<br \/>\nso um 24 Uhr ging Georg mit ihm auf die Wiese, ich schlief auf dem Sofa, er war fit und wollte spielen, aber ich ignorierte es da fing er an zu fipsen und drehte voll auf, weil keiner mit ihm spielte, ich denke vor lauter Zorn, vergewaltigte er doch tats\u00e4chlich meine Decke, er fing an zu juggeln, lach&#8230;.er war au\u00dfer Rand und Band, bis er schlie\u00dflich doch einschlief.<br \/>\nUm 3 hat er mich geweckt mit winseln, schnell raus, Streicheleinheiten und weiter gings im Tiefschlaf.<br \/>\nDann nochmal um 6 Uhr raus, danach gabs Futter, hat gro\u00dfen Hunger gehabt.<\/p>\n<p>so um halb zehn sind wir nochmal raus mit ihm, spazieren gegangen.<\/p>\n<p>Wenn keiner mit ihm spielt, so wie er es will, da kannst du was erleben, alles was er findet ist seins.<br \/>\nAber er verfolgt mich auf schritt und tritt. Und wenn ich ihn rufe ELAN hier, da kommt er angerannt.<\/p>\n<p>Momentan schl\u00e4ft er, mal sehen was der Tag noch heute so mit sich bringt.&#8220;<\/p>\n<p><img loading=\"lazy\" decoding=\"async\" src=\"http:\/\/www.aussie-sunny.de\/wp\/wp-content\/400_CIMG5364.JPG\" alt=\"400_CIMG5364\" title=\"400_CIMG5364\" width=\"400\" height=\"300\" class=\"alignnone size-full wp-image-1740\" srcset=\"https:\/\/www.aussie-sunny.de\/wp\/wp-content\/400_CIMG5364.JPG 400w, https:\/\/www.aussie-sunny.de\/wp\/wp-content\/400_CIMG5364-300x225.jpg 300w\" sizes=\"auto, (max-width: 400px) 100vw, 400px\" \/><\/p>\n<p>&#8230; sogar Riley schl\u00e4ft mal<br \/>\n<img loading=\"lazy\" decoding=\"async\" src=\"http:\/\/www.aussie-sunny.de\/wp\/wp-content\/400_CIMG5361.JPG\" alt=\"400_CIMG5361\" title=\"400_CIMG5361\" width=\"400\" height=\"533\" class=\"alignnone size-full wp-image-1741\" srcset=\"https:\/\/www.aussie-sunny.de\/wp\/wp-content\/400_CIMG5361.JPG 400w, https:\/\/www.aussie-sunny.de\/wp\/wp-content\/400_CIMG5361-225x300.jpg 225w\" sizes=\"auto, (max-width: 400px) 100vw, 400px\" \/><\/p>\n<p><img loading=\"lazy\" decoding=\"async\" src=\"http:\/\/www.aussie-sunny.de\/wp\/wp-content\/400_CIMG5329.JPG\" alt=\"400_CIMG5329\" title=\"400_CIMG5329\" width=\"400\" height=\"300\" class=\"alignnone size-full wp-image-1742\" srcset=\"https:\/\/www.aussie-sunny.de\/wp\/wp-content\/400_CIMG5329.JPG 400w, https:\/\/www.aussie-sunny.de\/wp\/wp-content\/400_CIMG5329-300x225.jpg 300w\" sizes=\"auto, (max-width: 400px) 100vw, 400px\" \/><\/p>\n<p><img loading=\"lazy\" decoding=\"async\" src=\"http:\/\/www.aussie-sunny.de\/wp\/wp-content\/400_riley21.JPG\" alt=\"400_riley2\" title=\"400_riley2\" width=\"400\" height=\"299\" class=\"alignnone size-full wp-image-1727\" srcset=\"https:\/\/www.aussie-sunny.de\/wp\/wp-content\/400_riley21.JPG 400w, https:\/\/www.aussie-sunny.de\/wp\/wp-content\/400_riley21-300x224.jpg 300w\" sizes=\"auto, (max-width: 400px) 100vw, 400px\" \/><\/p>\n<p><img loading=\"lazy\" decoding=\"async\" src=\"http:\/\/www.aussie-sunny.de\/wp\/wp-content\/400_IMG_8595.JPG\" alt=\"400_IMG_8595\" title=\"400_IMG_8595\" width=\"400\" height=\"300\" class=\"alignnone size-full wp-image-1646\" srcset=\"https:\/\/www.aussie-sunny.de\/wp\/wp-content\/400_IMG_8595.JPG 400w, https:\/\/www.aussie-sunny.de\/wp\/wp-content\/400_IMG_8595-300x225.jpg 300w\" sizes=\"auto, (max-width: 400px) 100vw, 400px\" \/><\/p>\n<p><img loading=\"lazy\" decoding=\"async\" src=\"http:\/\/www.aussie-sunny.de\/wp\/wp-content\/riley.JPG\" alt=\"riley\" title=\"riley\" width=\"480\" height=\"320\" class=\"alignnone size-full wp-image-1623\" srcset=\"https:\/\/www.aussie-sunny.de\/wp\/wp-content\/riley.JPG 480w, https:\/\/www.aussie-sunny.de\/wp\/wp-content\/riley-300x200.jpg 300w\" sizes=\"auto, (max-width: 480px) 100vw, 480px\" \/><\/p>\n<p><img loading=\"lazy\" decoding=\"async\" src=\"http:\/\/www.aussie-sunny.de\/wp\/wp-content\/400_CIMG4519.JPG\" alt=\"400_CIMG4519\" title=\"400_CIMG4519\" width=\"400\" height=\"300\" class=\"alignnone size-full wp-image-1588\" srcset=\"https:\/\/www.aussie-sunny.de\/wp\/wp-content\/400_CIMG4519.JPG 400w, https:\/\/www.aussie-sunny.de\/wp\/wp-content\/400_CIMG4519-300x225.jpg 300w\" sizes=\"auto, (max-width: 400px) 100vw, 400px\" \/><\/p>\n<p><img loading=\"lazy\" decoding=\"async\" src=\"http:\/\/www.aussie-sunny.de\/wp\/wp-content\/400_CIMG4456.JPG\" alt=\"400_CIMG4456\" title=\"400_CIMG4456\" width=\"400\" height=\"300\" class=\"alignnone size-full wp-image-1597\" srcset=\"https:\/\/www.aussie-sunny.de\/wp\/wp-content\/400_CIMG4456.JPG 400w, https:\/\/www.aussie-sunny.de\/wp\/wp-content\/400_CIMG4456-300x225.jpg 300w\" sizes=\"auto, (max-width: 400px) 100vw, 400px\" \/><\/p>\n<p><img loading=\"lazy\" decoding=\"async\" src=\"http:\/\/www.aussie-sunny.de\/wp\/wp-content\/400_DSC_4123.JPG\" alt=\"400_DSC_4123\" title=\"400_DSC_4123\" width=\"400\" height=\"266\" class=\"alignnone size-full wp-image-1491\" srcset=\"https:\/\/www.aussie-sunny.de\/wp\/wp-content\/400_DSC_4123.JPG 400w, https:\/\/www.aussie-sunny.de\/wp\/wp-content\/400_DSC_4123-300x199.jpg 300w\" sizes=\"auto, (max-width: 400px) 100vw, 400px\" \/><\/p>\n<p>&#8230; wer ist wer, 2 ganz h\u00fcbsche Jungs<br \/>\n<img loading=\"lazy\" decoding=\"async\" src=\"http:\/\/www.aussie-sunny.de\/wp\/wp-content\/400_CIMG4335.JPG\" alt=\"400_CIMG4335\" title=\"400_CIMG4335\" width=\"400\" height=\"300\" class=\"alignnone size-full wp-image-1549\" srcset=\"https:\/\/www.aussie-sunny.de\/wp\/wp-content\/400_CIMG4335.JPG 400w, https:\/\/www.aussie-sunny.de\/wp\/wp-content\/400_CIMG4335-300x225.jpg 300w\" sizes=\"auto, (max-width: 400px) 100vw, 400px\" \/><\/p>\n<p><img loading=\"lazy\" decoding=\"async\" src=\"http:\/\/www.aussie-sunny.de\/wp\/wp-content\/400_CIMG4279.JPG\" alt=\"400_CIMG4279\" title=\"400_CIMG4279\" width=\"400\" height=\"300\" class=\"alignnone size-full wp-image-1550\" srcset=\"https:\/\/www.aussie-sunny.de\/wp\/wp-content\/400_CIMG4279.JPG 400w, https:\/\/www.aussie-sunny.de\/wp\/wp-content\/400_CIMG4279-300x225.jpg 300w\" sizes=\"auto, (max-width: 400px) 100vw, 400px\" \/><\/p>\n<p><img loading=\"lazy\" decoding=\"async\" src=\"http:\/\/www.aussie-sunny.de\/wp\/wp-content\/400_DSC_3939.JPG\" alt=\"400_DSC_3939\" title=\"400_DSC_3939\" width=\"400\" height=\"266\" class=\"alignnone size-full wp-image-1463\" srcset=\"https:\/\/www.aussie-sunny.de\/wp\/wp-content\/400_DSC_3939.JPG 400w, https:\/\/www.aussie-sunny.de\/wp\/wp-content\/400_DSC_3939-300x199.jpg 300w\" sizes=\"auto, (max-width: 400px) 100vw, 400px\" \/><\/p>\n<p><img loading=\"lazy\" decoding=\"async\" src=\"http:\/\/www.aussie-sunny.de\/wp\/wp-content\/400_DSC_3947.JPG\" alt=\"400_DSC_3947\" title=\"400_DSC_3947\" width=\"400\" height=\"266\" class=\"alignnone size-full wp-image-1462\" srcset=\"https:\/\/www.aussie-sunny.de\/wp\/wp-content\/400_DSC_3947.JPG 400w, https:\/\/www.aussie-sunny.de\/wp\/wp-content\/400_DSC_3947-300x199.jpg 300w\" sizes=\"auto, (max-width: 400px) 100vw, 400px\" \/><\/p>\n<p><img loading=\"lazy\" decoding=\"async\" src=\"http:\/\/www.aussie-sunny.de\/wp\/wp-content\/400_CIMG4086.JPG\" alt=\"400_CIMG4086\" title=\"400_CIMG4086\" width=\"400\" height=\"300\" class=\"alignnone size-full wp-image-1429\" srcset=\"https:\/\/www.aussie-sunny.de\/wp\/wp-content\/400_CIMG4086.JPG 400w, https:\/\/www.aussie-sunny.de\/wp\/wp-content\/400_CIMG4086-300x225.jpg 300w\" sizes=\"auto, (max-width: 400px) 100vw, 400px\" \/><\/p>\n<p><img loading=\"lazy\" decoding=\"async\" src=\"http:\/\/www.aussie-sunny.de\/wp\/wp-content\/400_DSC_3888.JPG\" alt=\"400_DSC_3888\" title=\"400_DSC_3888\" width=\"400\" height=\"266\" class=\"alignnone size-full wp-image-1391\" srcset=\"https:\/\/www.aussie-sunny.de\/wp\/wp-content\/400_DSC_3888.JPG 400w, https:\/\/www.aussie-sunny.de\/wp\/wp-content\/400_DSC_3888-300x199.jpg 300w\" sizes=\"auto, (max-width: 400px) 100vw, 400px\" \/><\/p>\n","protected":false},"excerpt":{"rendered":"<p>10.16 Uhr red-tri Bub 284 gr. Ein ganz s\u00fc\u00dfer, angenehmer kleiner Bursche, mein Liebling!! Fam. Knieriemen hat sich in Riley &#8222;Elan&#8220; verliebt und k\u00f6nnen es gar nicht erwarten ihn zu sich nach Hause zu holen Sabine hat ihren Wilden heute geholt, er mischt jetzt deren Familienleben in Kaiserslautern auf 26.01.12 Elan in seiner Berufskleidung Elan [&hellip;]<\/p>\n","protected":false},"author":2,"featured_media":0,"parent":1526,"menu_order":53,"comment_status":"open","ping_status":"closed","template":"","meta":{"footnotes":""},"class_list":["post-1390","page","type-page","status-publish","h-entry","hentry"],"aioseo_notices":[],"_links":{"self":[{"href":"https:\/\/www.aussie-sunny.de\/wp\/wp-json\/wp\/v2\/pages\/1390","targetHints":{"allow":["GET"]}}],"collection":[{"href":"https:\/\/www.aussie-sunny.de\/wp\/wp-json\/wp\/v2\/pages"}],"about":[{"href":"https:\/\/www.aussie-sunny.de\/wp\/wp-json\/wp\/v2\/types\/page"}],"author":[{"embeddable":true,"href":"https:\/\/www.aussie-sunny.de\/wp\/wp-json\/wp\/v2\/users\/2"}],"replies":[{"embeddable":true,"href":"https:\/\/www.aussie-sunny.de\/wp\/wp-json\/wp\/v2\/comments?post=1390"}],"version-history":[{"count":0,"href":"https:\/\/www.aussie-sunny.de\/wp\/wp-json\/wp\/v2\/pages\/1390\/revisions"}],"up":[{"embeddable":true,"href":"https:\/\/www.aussie-sunny.de\/wp\/wp-json\/wp\/v2\/pages\/1526"}],"wp:attachment":[{"href":"https:\/\/www.aussie-sunny.de\/wp\/wp-json\/wp\/v2\/media?parent=1390"}],"curies":[{"name":"wp","href":"https:\/\/api.w.org\/{rel}","templated":true}]}}