{"id":1380,"date":"2010-07-03T20:07:53","date_gmt":"2010-07-03T18:07:53","guid":{"rendered":"http:\/\/www.aussie-sunny.de\/wp\/?page_id=1380"},"modified":"2018-03-16T20:19:11","modified_gmt":"2018-03-16T19:19:11","slug":"welpen-2010-black-tri-maedchen","status":"publish","type":"page","link":"https:\/\/www.aussie-sunny.de\/wp\/djs-shadow-cara\/nachzucht-2010\/welpen-2010-black-tri-maedchen\/","title":{"rendered":"Dj\u00b4s Shadow Sally &#8222;Sydney&#8220;"},"content":{"rendered":"<p>9.51 Uhr black-tri M\u00e4del 319 gr.<\/p>\n<p>Sally, unsere Prinzessin wird Sydney hei\u00dfen und zieht zu Fam. Fuchs nach Weilheim<\/p>\n<p>Feb. 2013<\/p>\n<p><img loading=\"lazy\" decoding=\"async\" class=\"alignnone size-full wp-image-2831\" title=\"400_P1060132\" src=\"http:\/\/www.aussie-sunny.de\/wp\/wp-content\/400_P10601321.JPG\" alt=\"400_P1060132\" width=\"400\" height=\"225\" srcset=\"https:\/\/www.aussie-sunny.de\/wp\/wp-content\/400_P10601321.JPG 400w, https:\/\/www.aussie-sunny.de\/wp\/wp-content\/400_P10601321-300x168.jpg 300w\" sizes=\"auto, (max-width: 400px) 100vw, 400px\" \/><br \/>\n27.04.12<\/p>\n<p><img loading=\"lazy\" decoding=\"async\" class=\"alignnone size-full wp-image-2830\" title=\"400_P1060135\" src=\"http:\/\/www.aussie-sunny.de\/wp\/wp-content\/400_P1060135.JPG\" alt=\"400_P1060135\" width=\"400\" height=\"225\" srcset=\"https:\/\/www.aussie-sunny.de\/wp\/wp-content\/400_P1060135.JPG 400w, https:\/\/www.aussie-sunny.de\/wp\/wp-content\/400_P1060135-300x168.jpg 300w\" sizes=\"auto, (max-width: 400px) 100vw, 400px\" \/><\/p>\n<p><img loading=\"lazy\" decoding=\"async\" class=\"alignnone size-full wp-image-2829\" title=\"400_P1060134\" src=\"http:\/\/www.aussie-sunny.de\/wp\/wp-content\/400_P1060134.JPG\" alt=\"400_P1060134\" width=\"400\" height=\"225\" srcset=\"https:\/\/www.aussie-sunny.de\/wp\/wp-content\/400_P1060134.JPG 400w, https:\/\/www.aussie-sunny.de\/wp\/wp-content\/400_P1060134-300x168.jpg 300w\" sizes=\"auto, (max-width: 400px) 100vw, 400px\" \/><\/p>\n<p><img loading=\"lazy\" decoding=\"async\" class=\"alignnone size-full wp-image-2828\" title=\"400_P1060136\" src=\"http:\/\/www.aussie-sunny.de\/wp\/wp-content\/400_P1060136.JPG\" alt=\"400_P1060136\" width=\"400\" height=\"225\" srcset=\"https:\/\/www.aussie-sunny.de\/wp\/wp-content\/400_P1060136.JPG 400w, https:\/\/www.aussie-sunny.de\/wp\/wp-content\/400_P1060136-300x168.jpg 300w\" sizes=\"auto, (max-width: 400px) 100vw, 400px\" \/><\/p>\n<p><img loading=\"lazy\" decoding=\"async\" class=\"alignnone size-full wp-image-2722\" title=\"400_sally1\" src=\"http:\/\/www.aussie-sunny.de\/wp\/wp-content\/400_sally1.JPG\" alt=\"400_sally1\" width=\"400\" height=\"267\" srcset=\"https:\/\/www.aussie-sunny.de\/wp\/wp-content\/400_sally1.JPG 400w, https:\/\/www.aussie-sunny.de\/wp\/wp-content\/400_sally1-300x200.jpg 300w\" sizes=\"auto, (max-width: 400px) 100vw, 400px\" \/><br \/>\n19.12.11<\/p>\n<p><img loading=\"lazy\" decoding=\"async\" class=\"alignnone size-full wp-image-2721\" title=\"400_sally\" src=\"http:\/\/www.aussie-sunny.de\/wp\/wp-content\/400_sally.JPG\" alt=\"400_sally\" width=\"400\" height=\"267\" srcset=\"https:\/\/www.aussie-sunny.de\/wp\/wp-content\/400_sally.JPG 400w, https:\/\/www.aussie-sunny.de\/wp\/wp-content\/400_sally-300x200.jpg 300w\" sizes=\"auto, (max-width: 400px) 100vw, 400px\" \/><\/p>\n<p><img loading=\"lazy\" decoding=\"async\" class=\"alignnone size-full wp-image-2624\" title=\"400_sydney1\" src=\"http:\/\/www.aussie-sunny.de\/wp\/wp-content\/400_sydney11.JPG\" alt=\"400_sydney1\" width=\"400\" height=\"267\" srcset=\"https:\/\/www.aussie-sunny.de\/wp\/wp-content\/400_sydney11.JPG 400w, https:\/\/www.aussie-sunny.de\/wp\/wp-content\/400_sydney11-300x200.jpg 300w\" sizes=\"auto, (max-width: 400px) 100vw, 400px\" \/><br \/>\n03.07. 1. Geburtstag<\/p>\n<p>&#8222;&#8230;.ja, so schnell vergeht die Zeit und unsere Sydney ist heute 1 Jahr alt geworden. Das wurde nat\u00fcrlich gleich mit einem wundersch\u00f6nen und langen Spaziergang gefeiert ;-))<br \/>\nWir m\u00f6chten uns noch einmal bei dieser Gelegenheit bei Dir bzw. Euch f\u00fcr den tollen Aussie bedanken. Sie ist einfach ein Traum von Hund!!<br \/>\nAnbei ein Foto von Sydney:&#8220; Und wo fahren wir jetzt noch hin?&#8220;<br \/>\nSobald die Autot\u00fcre auf ist, sitzt sie auch schon drin&#8230;&#8230;&#8230;&#8230;sie mu\u00df halt immer dabei sein! ;-)&#8220;<\/p>\n<p><img loading=\"lazy\" decoding=\"async\" class=\"alignnone size-full wp-image-2570\" title=\"400_sidney\" src=\"http:\/\/www.aussie-sunny.de\/wp\/wp-content\/400_sidney.JPG\" alt=\"400_sidney\" width=\"400\" height=\"267\" srcset=\"https:\/\/www.aussie-sunny.de\/wp\/wp-content\/400_sidney.JPG 400w, https:\/\/www.aussie-sunny.de\/wp\/wp-content\/400_sidney-300x200.jpg 300w\" sizes=\"auto, (max-width: 400px) 100vw, 400px\" \/><\/p>\n<p><img loading=\"lazy\" decoding=\"async\" class=\"alignnone size-full wp-image-2571\" title=\"400_sidney1\" src=\"http:\/\/www.aussie-sunny.de\/wp\/wp-content\/400_sidney1.JPG\" alt=\"400_sidney1\" width=\"400\" height=\"267\" srcset=\"https:\/\/www.aussie-sunny.de\/wp\/wp-content\/400_sidney1.JPG 400w, https:\/\/www.aussie-sunny.de\/wp\/wp-content\/400_sidney1-300x200.jpg 300w\" sizes=\"auto, (max-width: 400px) 100vw, 400px\" \/><br \/>\n03.06.11<\/p>\n<p><img loading=\"lazy\" decoding=\"async\" class=\"alignnone size-full wp-image-2572\" title=\"400_sidney2\" src=\"http:\/\/www.aussie-sunny.de\/wp\/wp-content\/400_sidney2.JPG\" alt=\"400_sidney2\" width=\"400\" height=\"267\" srcset=\"https:\/\/www.aussie-sunny.de\/wp\/wp-content\/400_sidney2.JPG 400w, https:\/\/www.aussie-sunny.de\/wp\/wp-content\/400_sidney2-300x200.jpg 300w\" sizes=\"auto, (max-width: 400px) 100vw, 400px\" \/><\/p>\n<p><img loading=\"lazy\" decoding=\"async\" class=\"alignnone size-full wp-image-2362\" title=\"400_sydney0411\" src=\"http:\/\/www.aussie-sunny.de\/wp\/wp-content\/400_sydney0411.JPG\" alt=\"400_sydney0411\" width=\"400\" height=\"267\" srcset=\"https:\/\/www.aussie-sunny.de\/wp\/wp-content\/400_sydney0411.JPG 400w, https:\/\/www.aussie-sunny.de\/wp\/wp-content\/400_sydney0411-300x200.jpg 300w\" sizes=\"auto, (max-width: 400px) 100vw, 400px\" \/><\/p>\n<p><img loading=\"lazy\" decoding=\"async\" class=\"alignnone size-full wp-image-2109\" title=\"400_sydney13\" src=\"http:\/\/www.aussie-sunny.de\/wp\/wp-content\/400_sydney13.JPG\" alt=\"400_sydney13\" width=\"400\" height=\"267\" srcset=\"https:\/\/www.aussie-sunny.de\/wp\/wp-content\/400_sydney13.JPG 400w, https:\/\/www.aussie-sunny.de\/wp\/wp-content\/400_sydney13-300x200.jpg 300w\" sizes=\"auto, (max-width: 400px) 100vw, 400px\" \/><br \/>\n19.03.11<\/p>\n<p><img loading=\"lazy\" decoding=\"async\" class=\"alignnone size-full wp-image-2110\" title=\"400_sydney17\" src=\"http:\/\/www.aussie-sunny.de\/wp\/wp-content\/400_sydney17.JPG\" alt=\"400_sydney17\" width=\"400\" height=\"267\" srcset=\"https:\/\/www.aussie-sunny.de\/wp\/wp-content\/400_sydney17.JPG 400w, https:\/\/www.aussie-sunny.de\/wp\/wp-content\/400_sydney17-300x200.jpg 300w\" sizes=\"auto, (max-width: 400px) 100vw, 400px\" \/><\/p>\n<p><img loading=\"lazy\" decoding=\"async\" class=\"alignnone size-full wp-image-2111\" title=\"400_sydney15\" src=\"http:\/\/www.aussie-sunny.de\/wp\/wp-content\/400_sydney15.JPG\" alt=\"400_sydney15\" width=\"400\" height=\"267\" srcset=\"https:\/\/www.aussie-sunny.de\/wp\/wp-content\/400_sydney15.JPG 400w, https:\/\/www.aussie-sunny.de\/wp\/wp-content\/400_sydney15-300x200.jpg 300w\" sizes=\"auto, (max-width: 400px) 100vw, 400px\" \/><\/p>\n<p><img loading=\"lazy\" decoding=\"async\" class=\"alignnone size-full wp-image-2027\" title=\"400_sydney10\" src=\"http:\/\/www.aussie-sunny.de\/wp\/wp-content\/400_sydney10.JPG\" alt=\"400_sydney10\" width=\"400\" height=\"267\" srcset=\"https:\/\/www.aussie-sunny.de\/wp\/wp-content\/400_sydney10.JPG 400w, https:\/\/www.aussie-sunny.de\/wp\/wp-content\/400_sydney10-300x200.jpg 300w\" sizes=\"auto, (max-width: 400px) 100vw, 400px\" \/><\/p>\n<p><img loading=\"lazy\" decoding=\"async\" class=\"alignnone size-full wp-image-2026\" title=\"400_sydney7\" src=\"http:\/\/www.aussie-sunny.de\/wp\/wp-content\/400_sydney71.JPG\" alt=\"400_sydney7\" width=\"400\" height=\"267\" srcset=\"https:\/\/www.aussie-sunny.de\/wp\/wp-content\/400_sydney71.JPG 400w, https:\/\/www.aussie-sunny.de\/wp\/wp-content\/400_sydney71-300x200.jpg 300w\" sizes=\"auto, (max-width: 400px) 100vw, 400px\" \/><br \/>\n23.01.11<br \/>\n&#8222;&#8230;&#8230;.aber glaube nicht, dass ich nicht ungef\u00e4hr einmal die Woche auf Deiner Homepage bin, um auf dem Laufenden zu sein, was die &#8222;Geschwisterhunde&#8220; so treiben, und wie die sich entwickeln. Auch wenn die anderen Hunde h\u00fcbsch sind&#8212;&#8212;-unsere Sydney ist einfach die Sch\u00f6nste!!!<\/p>\n<p>Wir sind immer noch flei\u00dfig in der Hundeschule, und die Trainerin meinte, man w\u00fcrde richtig merken, dass sie eine wahnsinnige Bindung zu mir hat und auch st\u00e4ndig den Kontakt zu mir sucht. Da h\u00e4tte ich wohl im Welpenalter einen guten Job gemacht (das freut mich ungemein). Sydney ist auch in der Hundeschule immer eine &#8222;Sch\u00fclerin&#8220;, die wahnsinnig schnell begreift und immer gerne noch eine weitere zus\u00e4tzliche \u00dcbung macht. Mit ihr kann man super &#8222;arbeiten&#8220;.<br \/>\nNichts desto trotz, probiert sie gerade in ihren pubert\u00e4ren Monaten, ihre Grenzen aus, und versucht mich auch immer mal wieder die bereits von uns get\u00e4tigten \u00dcbereink\u00fcnfte in Frage zu stellen. Aber durch unsere kontinuierliche Konsequenz, ist ihr schnell klar, was man von ihr will bzw. wie die Regeln sind und waren&#8230;.&#8220;<\/p>\n<p><img loading=\"lazy\" decoding=\"async\" class=\"alignnone size-full wp-image-2024\" title=\"400_sydney8\" src=\"http:\/\/www.aussie-sunny.de\/wp\/wp-content\/400_sydney8.JPG\" alt=\"400_sydney8\" width=\"400\" height=\"267\" srcset=\"https:\/\/www.aussie-sunny.de\/wp\/wp-content\/400_sydney8.JPG 400w, https:\/\/www.aussie-sunny.de\/wp\/wp-content\/400_sydney8-300x200.jpg 300w\" sizes=\"auto, (max-width: 400px) 100vw, 400px\" \/><\/p>\n<p><img loading=\"lazy\" decoding=\"async\" class=\"alignnone size-full wp-image-1935\" title=\"400_sydney3\" src=\"http:\/\/www.aussie-sunny.de\/wp\/wp-content\/400_sydney3.JPG\" alt=\"400_sydney3\" width=\"400\" height=\"267\" srcset=\"https:\/\/www.aussie-sunny.de\/wp\/wp-content\/400_sydney3.JPG 400w, https:\/\/www.aussie-sunny.de\/wp\/wp-content\/400_sydney3-300x200.jpg 300w\" sizes=\"auto, (max-width: 400px) 100vw, 400px\" \/><\/p>\n<p><img loading=\"lazy\" decoding=\"async\" class=\"alignnone size-full wp-image-1937\" title=\"400_sydney6\" src=\"http:\/\/www.aussie-sunny.de\/wp\/wp-content\/400_sydney61.JPG\" alt=\"400_sydney6\" width=\"400\" height=\"300\" srcset=\"https:\/\/www.aussie-sunny.de\/wp\/wp-content\/400_sydney61.JPG 400w, https:\/\/www.aussie-sunny.de\/wp\/wp-content\/400_sydney61-300x225.jpg 300w\" sizes=\"auto, (max-width: 400px) 100vw, 400px\" \/><\/p>\n<p><img loading=\"lazy\" decoding=\"async\" class=\"alignnone size-full wp-image-1938\" title=\"400_sydney4\" src=\"http:\/\/www.aussie-sunny.de\/wp\/wp-content\/400_sydney41.JPG\" alt=\"400_sydney4\" width=\"400\" height=\"267\" srcset=\"https:\/\/www.aussie-sunny.de\/wp\/wp-content\/400_sydney41.JPG 400w, https:\/\/www.aussie-sunny.de\/wp\/wp-content\/400_sydney41-300x200.jpg 300w\" sizes=\"auto, (max-width: 400px) 100vw, 400px\" \/><\/p>\n<p><img loading=\"lazy\" decoding=\"async\" class=\"alignnone size-full wp-image-1869\" title=\"400_sydney2\" src=\"http:\/\/www.aussie-sunny.de\/wp\/wp-content\/400_sydney2.JPG\" alt=\"400_sydney2\" width=\"400\" height=\"300\" srcset=\"https:\/\/www.aussie-sunny.de\/wp\/wp-content\/400_sydney2.JPG 400w, https:\/\/www.aussie-sunny.de\/wp\/wp-content\/400_sydney2-300x225.jpg 300w\" sizes=\"auto, (max-width: 400px) 100vw, 400px\" \/><\/p>\n<p>27.10.10<br \/>\n&#8222;&#8230;.wollte mal wieder was von uns h\u00f6ren lassen.<br \/>\nSydney entwickelt sich pr\u00e4chtig! Sie ist immer noch unsere kleine Prinzessin und l\u00e4sst sich total gerne in ihren Posen fotografieren!<br \/>\nWir beide sind schon wirklich ein prima Team, und wir genie\u00dfen die Spazierg\u00e4nge im Wald aber auch entlang eines Baches. Glaube nicht, dass da nur eine Stelle im Fell trocken bleibt ;o)&#8230;&#8230;.<br \/>\nSie hat schon so viele Vierbeiner-Freunde, ob gro\u00df oder klein, gefunden wo sie stundenlang auf den Wiesen und Feldern rumtollt. Das ist Lebensfreude pur&#8230;.<br \/>\nIn der Hundeschule macht sie prima mit, und ist auch wahnsinnig feinf\u00fchlig. Einfach ein Traum!<br \/>\nSie ist noch immer ein kleiner Treibauf, aber kann auch dann ganz schnell wieder &#8222;runterfahren&#8220;.<br \/>\nWir sind total gl\u00fccklich mit ihr, und freuen uns jeden neuen Tag mir ihr&#8230;..&#8220;<\/p>\n<p><img loading=\"lazy\" decoding=\"async\" class=\"alignnone size-full wp-image-1863\" title=\"400_sally3\" src=\"http:\/\/www.aussie-sunny.de\/wp\/wp-content\/400_sally3.JPG\" alt=\"400_sally3\" width=\"400\" height=\"300\" srcset=\"https:\/\/www.aussie-sunny.de\/wp\/wp-content\/400_sally3.JPG 400w, https:\/\/www.aussie-sunny.de\/wp\/wp-content\/400_sally3-300x225.jpg 300w\" sizes=\"auto, (max-width: 400px) 100vw, 400px\" \/><\/p>\n<p><img loading=\"lazy\" decoding=\"async\" class=\"alignnone size-full wp-image-1754\" title=\"400_sydney1\" src=\"http:\/\/www.aussie-sunny.de\/wp\/wp-content\/400_sydney1.JPG\" alt=\"400_sydney1\" width=\"400\" height=\"533\" srcset=\"https:\/\/www.aussie-sunny.de\/wp\/wp-content\/400_sydney1.JPG 400w, https:\/\/www.aussie-sunny.de\/wp\/wp-content\/400_sydney1-225x300.jpg 225w\" sizes=\"auto, (max-width: 400px) 100vw, 400px\" \/><\/p>\n<p>&#8230;&#8220;wollte mich mal wieder melden, nachdem jetzt ein paar Tage der Eingew\u00f6hnung vergangen sind. Sydney hat sich superschnell eingew\u00f6hnt und rackert schon ganz sch\u00f6n rum. Gestern waren wir zum ersten Mal an unserem kleinen Weiher und vor lauter \u00dcbermut ist sie auch schon gleich ins Wasser geplumpst&#8230;&#8230;.was ihr aber gar nichts ausgemacht hat, denn das rumsausen ging gleich wieder weiter.<br \/>\nGestern hatten wir Besuch von zwei Hunden, und Sydney war total begeistert&#8230;&#8230;&#8230;..wie man an den Foto sieht.<br \/>\nDie N\u00e4chte sind immer noch etwas unruhig und um 5:00 Uhr m\u00f6chte sie dann auch immer spielen anfangen&#8230;..<br \/>\nAlso, Daniela, ich wei\u00df ja nicht von welchem Welpen du gesprochen hast, dass kein Appetit h\u00e4tte&#8230;&#8230;Sydney ist es auf alle F\u00e4lle nicht. Zack ist der Napf immer gleich leer, so schnell kann ich gar nicht schauen&#8230;&#8230;&#8220;<\/p>\n<p>neues Zuhause, neue Freunde toll&#8230;.<br \/>\n<img loading=\"lazy\" decoding=\"async\" class=\"alignnone size-full wp-image-1753\" title=\"400_sydney\" src=\"http:\/\/www.aussie-sunny.de\/wp\/wp-content\/400_sydney.JPG\" alt=\"400_sydney\" width=\"400\" height=\"300\" srcset=\"https:\/\/www.aussie-sunny.de\/wp\/wp-content\/400_sydney.JPG 400w, https:\/\/www.aussie-sunny.de\/wp\/wp-content\/400_sydney-300x225.jpg 300w\" sizes=\"auto, (max-width: 400px) 100vw, 400px\" \/><\/p>\n<p><img loading=\"lazy\" decoding=\"async\" class=\"alignnone size-full wp-image-1731\" title=\"400_CIMG5278\" src=\"http:\/\/www.aussie-sunny.de\/wp\/wp-content\/400_CIMG5278.JPG\" alt=\"400_CIMG5278\" width=\"400\" height=\"300\" srcset=\"https:\/\/www.aussie-sunny.de\/wp\/wp-content\/400_CIMG5278.JPG 400w, https:\/\/www.aussie-sunny.de\/wp\/wp-content\/400_CIMG5278-300x225.jpg 300w\" sizes=\"auto, (max-width: 400px) 100vw, 400px\" \/><\/p>\n<p><img loading=\"lazy\" decoding=\"async\" class=\"alignnone size-full wp-image-1730\" title=\"400_CIMG5264\" src=\"http:\/\/www.aussie-sunny.de\/wp\/wp-content\/400_CIMG5264.JPG\" alt=\"400_CIMG5264\" width=\"400\" height=\"300\" srcset=\"https:\/\/www.aussie-sunny.de\/wp\/wp-content\/400_CIMG5264.JPG 400w, https:\/\/www.aussie-sunny.de\/wp\/wp-content\/400_CIMG5264-300x225.jpg 300w\" sizes=\"auto, (max-width: 400px) 100vw, 400px\" \/><\/p>\n<p><img loading=\"lazy\" decoding=\"async\" class=\"alignnone size-full wp-image-1710\" title=\"400_CIMG4849\" src=\"http:\/\/www.aussie-sunny.de\/wp\/wp-content\/400_CIMG4849.JPG\" alt=\"400_CIMG4849\" width=\"400\" height=\"300\" srcset=\"https:\/\/www.aussie-sunny.de\/wp\/wp-content\/400_CIMG4849.JPG 400w, https:\/\/www.aussie-sunny.de\/wp\/wp-content\/400_CIMG4849-300x225.jpg 300w\" sizes=\"auto, (max-width: 400px) 100vw, 400px\" \/><\/p>\n<p><img loading=\"lazy\" decoding=\"async\" class=\"alignnone size-full wp-image-1671\" title=\"400_CIMG4832\" src=\"http:\/\/www.aussie-sunny.de\/wp\/wp-content\/400_CIMG4832.JPG\" alt=\"400_CIMG4832\" width=\"400\" height=\"300\" srcset=\"https:\/\/www.aussie-sunny.de\/wp\/wp-content\/400_CIMG4832.JPG 400w, https:\/\/www.aussie-sunny.de\/wp\/wp-content\/400_CIMG4832-300x225.jpg 300w\" sizes=\"auto, (max-width: 400px) 100vw, 400px\" \/><\/p>\n<p><img loading=\"lazy\" decoding=\"async\" class=\"alignnone size-full wp-image-1674\" title=\"400_CIMG4786\" src=\"http:\/\/www.aussie-sunny.de\/wp\/wp-content\/400_CIMG4786.JPG\" alt=\"400_CIMG4786\" width=\"400\" height=\"300\" srcset=\"https:\/\/www.aussie-sunny.de\/wp\/wp-content\/400_CIMG4786.JPG 400w, https:\/\/www.aussie-sunny.de\/wp\/wp-content\/400_CIMG4786-300x225.jpg 300w\" sizes=\"auto, (max-width: 400px) 100vw, 400px\" \/><\/p>\n<p><img loading=\"lazy\" decoding=\"async\" class=\"alignnone size-full wp-image-1673\" title=\"400_CIMG4781\" src=\"http:\/\/www.aussie-sunny.de\/wp\/wp-content\/400_CIMG4781.JPG\" alt=\"400_CIMG4781\" width=\"400\" height=\"300\" srcset=\"https:\/\/www.aussie-sunny.de\/wp\/wp-content\/400_CIMG4781.JPG 400w, https:\/\/www.aussie-sunny.de\/wp\/wp-content\/400_CIMG4781-300x225.jpg 300w\" sizes=\"auto, (max-width: 400px) 100vw, 400px\" \/><\/p>\n<p><img loading=\"lazy\" decoding=\"async\" class=\"alignnone size-full wp-image-1653\" title=\"400_IMG_8593\" src=\"http:\/\/www.aussie-sunny.de\/wp\/wp-content\/400_IMG_85932.JPG\" alt=\"400_IMG_8593\" width=\"400\" height=\"300\" srcset=\"https:\/\/www.aussie-sunny.de\/wp\/wp-content\/400_IMG_85932.JPG 400w, https:\/\/www.aussie-sunny.de\/wp\/wp-content\/400_IMG_85932-300x225.jpg 300w\" sizes=\"auto, (max-width: 400px) 100vw, 400px\" \/><\/p>\n<p>Sally macht Bekanntschaft mit Lilly<br \/>\n<img loading=\"lazy\" decoding=\"async\" class=\"alignnone size-full wp-image-1605\" title=\"400_CIMG4589\" src=\"http:\/\/www.aussie-sunny.de\/wp\/wp-content\/400_CIMG4589.JPG\" alt=\"400_CIMG4589\" width=\"400\" height=\"300\" srcset=\"https:\/\/www.aussie-sunny.de\/wp\/wp-content\/400_CIMG4589.JPG 400w, https:\/\/www.aussie-sunny.de\/wp\/wp-content\/400_CIMG4589-300x225.jpg 300w\" sizes=\"auto, (max-width: 400px) 100vw, 400px\" \/><\/p>\n<p><img loading=\"lazy\" decoding=\"async\" class=\"alignnone size-full wp-image-1614\" title=\"400_CIMG4570\" src=\"http:\/\/www.aussie-sunny.de\/wp\/wp-content\/400_CIMG4570.JPG\" alt=\"400_CIMG4570\" width=\"400\" height=\"300\" srcset=\"https:\/\/www.aussie-sunny.de\/wp\/wp-content\/400_CIMG4570.JPG 400w, https:\/\/www.aussie-sunny.de\/wp\/wp-content\/400_CIMG4570-300x225.jpg 300w\" sizes=\"auto, (max-width: 400px) 100vw, 400px\" \/><\/p>\n<p><img loading=\"lazy\" decoding=\"async\" class=\"alignnone size-full wp-image-1579\" title=\"400_CIMG4571\" src=\"http:\/\/www.aussie-sunny.de\/wp\/wp-content\/400_CIMG4571.JPG\" alt=\"400_CIMG4571\" width=\"400\" height=\"300\" srcset=\"https:\/\/www.aussie-sunny.de\/wp\/wp-content\/400_CIMG4571.JPG 400w, https:\/\/www.aussie-sunny.de\/wp\/wp-content\/400_CIMG4571-300x225.jpg 300w\" sizes=\"auto, (max-width: 400px) 100vw, 400px\" \/><\/p>\n<p><img loading=\"lazy\" decoding=\"async\" class=\"alignnone size-full wp-image-1561\" title=\"400_CIMG4346\" src=\"http:\/\/www.aussie-sunny.de\/wp\/wp-content\/400_CIMG4346.JPG\" alt=\"400_CIMG4346\" width=\"400\" height=\"300\" srcset=\"https:\/\/www.aussie-sunny.de\/wp\/wp-content\/400_CIMG4346.JPG 400w, https:\/\/www.aussie-sunny.de\/wp\/wp-content\/400_CIMG4346-300x225.jpg 300w\" sizes=\"auto, (max-width: 400px) 100vw, 400px\" \/><\/p>\n<p><img loading=\"lazy\" decoding=\"async\" class=\"alignnone size-full wp-image-1500\" title=\"400_DSC_4107\" src=\"http:\/\/www.aussie-sunny.de\/wp\/wp-content\/400_DSC_4107.JPG\" alt=\"400_DSC_4107\" width=\"400\" height=\"266\" srcset=\"https:\/\/www.aussie-sunny.de\/wp\/wp-content\/400_DSC_4107.JPG 400w, https:\/\/www.aussie-sunny.de\/wp\/wp-content\/400_DSC_4107-300x199.jpg 300w\" sizes=\"auto, (max-width: 400px) 100vw, 400px\" \/><\/p>\n<p><img loading=\"lazy\" decoding=\"async\" class=\"alignnone size-full wp-image-1455\" title=\"400_DSC_4017\" src=\"http:\/\/www.aussie-sunny.de\/wp\/wp-content\/400_DSC_4017.JPG\" alt=\"400_DSC_4017\" width=\"400\" height=\"266\" srcset=\"https:\/\/www.aussie-sunny.de\/wp\/wp-content\/400_DSC_4017.JPG 400w, https:\/\/www.aussie-sunny.de\/wp\/wp-content\/400_DSC_4017-300x199.jpg 300w\" sizes=\"auto, (max-width: 400px) 100vw, 400px\" \/><\/p>\n<p><img loading=\"lazy\" decoding=\"async\" class=\"alignnone size-full wp-image-1454\" title=\"400_DSC_4022\" src=\"http:\/\/www.aussie-sunny.de\/wp\/wp-content\/400_DSC_4022.JPG\" alt=\"400_DSC_4022\" width=\"400\" height=\"266\" srcset=\"https:\/\/www.aussie-sunny.de\/wp\/wp-content\/400_DSC_4022.JPG 400w, https:\/\/www.aussie-sunny.de\/wp\/wp-content\/400_DSC_4022-300x199.jpg 300w\" sizes=\"auto, (max-width: 400px) 100vw, 400px\" \/><\/p>\n<p><img loading=\"lazy\" decoding=\"async\" class=\"alignnone size-full wp-image-1433\" title=\"400_CIMG4118\" src=\"http:\/\/www.aussie-sunny.de\/wp\/wp-content\/400_CIMG4118.JPG\" alt=\"400_CIMG4118\" width=\"400\" height=\"300\" srcset=\"https:\/\/www.aussie-sunny.de\/wp\/wp-content\/400_CIMG4118.JPG 400w, https:\/\/www.aussie-sunny.de\/wp\/wp-content\/400_CIMG4118-300x225.jpg 300w\" sizes=\"auto, (max-width: 400px) 100vw, 400px\" \/><\/p>\n<p><img loading=\"lazy\" decoding=\"async\" class=\"alignnone size-full wp-image-1381\" title=\"400_DSC_3910\" src=\"http:\/\/www.aussie-sunny.de\/wp\/wp-content\/400_DSC_3910.JPG\" alt=\"400_DSC_3910\" width=\"400\" height=\"266\" srcset=\"https:\/\/www.aussie-sunny.de\/wp\/wp-content\/400_DSC_3910.JPG 400w, https:\/\/www.aussie-sunny.de\/wp\/wp-content\/400_DSC_3910-300x199.jpg 300w\" sizes=\"auto, (max-width: 400px) 100vw, 400px\" \/><\/p>\n","protected":false},"excerpt":{"rendered":"<p>9.51 Uhr black-tri M\u00e4del 319 gr. Sally, unsere Prinzessin wird Sydney hei\u00dfen und zieht zu Fam. Fuchs nach Weilheim Feb. 2013 27.04.12 19.12.11 03.07. 1. Geburtstag &#8222;&#8230;.ja, so schnell vergeht die Zeit und unsere Sydney ist heute 1 Jahr alt geworden. Das wurde nat\u00fcrlich gleich mit einem wundersch\u00f6nen und langen Spaziergang gefeiert ;-)) Wir m\u00f6chten [&hellip;]<\/p>\n","protected":false},"author":2,"featured_media":0,"parent":1526,"menu_order":51,"comment_status":"open","ping_status":"closed","template":"","meta":{"footnotes":""},"class_list":["post-1380","page","type-page","status-publish","h-entry","hentry"],"aioseo_notices":[],"_links":{"self":[{"href":"https:\/\/www.aussie-sunny.de\/wp\/wp-json\/wp\/v2\/pages\/1380","targetHints":{"allow":["GET"]}}],"collection":[{"href":"https:\/\/www.aussie-sunny.de\/wp\/wp-json\/wp\/v2\/pages"}],"about":[{"href":"https:\/\/www.aussie-sunny.de\/wp\/wp-json\/wp\/v2\/types\/page"}],"author":[{"embeddable":true,"href":"https:\/\/www.aussie-sunny.de\/wp\/wp-json\/wp\/v2\/users\/2"}],"replies":[{"embeddable":true,"href":"https:\/\/www.aussie-sunny.de\/wp\/wp-json\/wp\/v2\/comments?post=1380"}],"version-history":[{"count":0,"href":"https:\/\/www.aussie-sunny.de\/wp\/wp-json\/wp\/v2\/pages\/1380\/revisions"}],"up":[{"embeddable":true,"href":"https:\/\/www.aussie-sunny.de\/wp\/wp-json\/wp\/v2\/pages\/1526"}],"wp:attachment":[{"href":"https:\/\/www.aussie-sunny.de\/wp\/wp-json\/wp\/v2\/media?parent=1380"}],"curies":[{"name":"wp","href":"https:\/\/api.w.org\/{rel}","templated":true}]}}